{"id":3721,"date":"2017-01-05T11:58:53","date_gmt":"2017-01-05T10:58:53","guid":{"rendered":"http:\/\/new.misani.it\/chi-siamo\/"},"modified":"2022-05-06T15:56:22","modified_gmt":"2022-05-06T13:56:22","slug":"ueber-uns","status":"publish","type":"page","link":"https:\/\/www.misani.it\/de\/ueber-uns\/","title":{"rendered":"\u00dcBER UNS"},"content":{"rendered":"<div id='av-layout-grid-1'  class='av-layout-grid-container av-av_layout_row-caf1f26e08707a2ebe9176b630e736c2 entry-content-wrapper main_color av-flex-cells  avia-builder-el-0  el_before_av_section  avia-builder-el-first   container_wrap fullsize'  >\n\n<style type=\"text\/css\" data-created_by=\"avia_inline_auto\" id=\"style-css-av-av_cell_one_half-a15f6bc32c0fb1c8e22741cf23b16e8e\">\n.flex_cell.av-av_cell_one_half-a15f6bc32c0fb1c8e22741cf23b16e8e{\nvertical-align:top;\n}\n.responsive #top #wrap_all .flex_cell.av-av_cell_one_half-a15f6bc32c0fb1c8e22741cf23b16e8e{\npadding:0px 0px 0px 0px !important;\n}\n<\/style>\n<div class='flex_cell av-av_cell_one_half-a15f6bc32c0fb1c8e22741cf23b16e8e av-gridrow-cell av_one_half no_margin  avia-builder-el-1  el_before_av_cell_one_half  avia-builder-el-first  content-align-top av-zero-padding'  ><div class='flex_cell_inner'><section  class='av_textblock_section av-l2ui38cm-31450bdaf8f8ec531c0a3c41d8f3e84c '   itemscope=\"itemscope\" itemtype=\"https:\/\/schema.org\/CreativeWork\" ><div class='avia_textblock'  itemprop=\"text\" ><div class='avia-iframe-wrap'><iframe loading=\"lazy\" title=\"MISANI - Carpenteria e taglio laser\" width=\"1500\" height=\"844\" src=\"https:\/\/www.youtube.com\/embed\/WeKmQKEFviA?feature=oembed\" frameborder=\"0\" allow=\"accelerometer; autoplay; clipboard-write; encrypted-media; gyroscope; picture-in-picture\" allowfullscreen><\/iframe><\/div>\n<\/div><\/section>\n<\/div><\/div>\n<style type=\"text\/css\" data-created_by=\"avia_inline_auto\" id=\"style-css-av-av_cell_one_half-3d428bccff93fd3a1a72d2cfa63c2156\">\n.flex_cell.av-av_cell_one_half-3d428bccff93fd3a1a72d2cfa63c2156{\nvertical-align:top;\nbackground:url(https:\/\/www.misani.it\/wp-content\/uploads\/2017\/01\/Azienda-ok.jpg) 50% 50% no-repeat scroll ;\n}\n.responsive #top #wrap_all .flex_cell.av-av_cell_one_half-3d428bccff93fd3a1a72d2cfa63c2156{\npadding:0px 0px 0px 0px !important;\n}\n<\/style>\n<div class='flex_cell av-av_cell_one_half-3d428bccff93fd3a1a72d2cfa63c2156 av-gridrow-cell av_one_half no_margin  avia-builder-el-3  el_after_av_cell_one_half  avia-builder-el-last  content-align-top av-zero-padding'  ><div class='flex_cell_inner'><\/div><\/div><\/div>\n<style type=\"text\/css\" data-created_by=\"avia_inline_auto\" id=\"style-css-av-av_section-c18f0ea45598e1e2f231d943d42f390d\">\n.avia-section.av-av_section-c18f0ea45598e1e2f231d943d42f390d{\nbackground-color:#000000;\nbackground-image:unset;\n}\n<\/style>\n<div id='av_section_1'  class='avia-section av-av_section-c18f0ea45598e1e2f231d943d42f390d main_color avia-section-no-padding avia-no-border-styling  avia-builder-el-4  el_after_av_layout_row  el_before_av_one_full  avia-bg-style-scroll container_wrap fullsize'  ><div class='container av-section-cont-open' ><div class='template-page content  av-content-full alpha units'><div class='post-entry post-entry-type-page post-entry-3721'><div class='entry-content-wrapper clearfix'>\n\n<style type=\"text\/css\" data-created_by=\"avia_inline_auto\" id=\"style-css-av-av_textblock-fed70831d1cd574a49fb030f6788f8df\">\n#top .av_textblock_section.av-av_textblock-fed70831d1cd574a49fb030f6788f8df .avia_textblock{\nfont-size:24px;\n}\n<\/style>\n<section  class='av_textblock_section av-av_textblock-fed70831d1cd574a49fb030f6788f8df '   itemscope=\"itemscope\" itemtype=\"https:\/\/schema.org\/CreativeWork\" ><div class='avia_textblock av_inherit_color'  itemprop=\"text\" ><p style=\"text-align: center; letter-spacing: 22px;\"><span style=\"color: #ffffff;\">WENN DIE MATERIE <\/span><span style=\"color: #ffe200;\">GESTALT ANNIMMT<\/span><\/p>\n<\/div><\/section>\n<\/div><\/div><\/div><!-- close content main div --><\/div><\/div><div id='after_section_1'  class='main_color av_default_container_wrap container_wrap fullsize'  ><div class='container av-section-cont-open' ><div class='template-page content  av-content-full alpha units'><div class='post-entry post-entry-type-page post-entry-3721'><div class='entry-content-wrapper clearfix'><\/p>\n<div class='flex_column_table av-av_one_full-4084358494b16f1edcbc0eb11ec5b240 sc-av_one_full av-equal-height-column-flextable'>\n<style type=\"text\/css\" data-created_by=\"avia_inline_auto\" id=\"style-css-av-av_one_full-4084358494b16f1edcbc0eb11ec5b240\">\n#top .flex_column_table.av-equal-height-column-flextable.av-av_one_full-4084358494b16f1edcbc0eb11ec5b240{\nmargin-top:0px;\nmargin-bottom:0px;\n}\n.flex_column.av-av_one_full-4084358494b16f1edcbc0eb11ec5b240{\nborder-radius:0px 0px 0px 0px;\npadding:0px 0px 0px 0px;\n}\n<\/style>\n<div  class='flex_column av-av_one_full-4084358494b16f1edcbc0eb11ec5b240 av_one_full  avia-builder-el-6  el_after_av_section  avia-builder-el-no-sibling  first flex_column_table_cell av-equal-height-column av-align-top av-zero-column-padding  '     ><section  class='av_textblock_section av-av_textblock-0366cc7376be6c9e82a3e9cc8987b64f '   itemscope=\"itemscope\" itemtype=\"https:\/\/schema.org\/CreativeWork\" ><div class='avia_textblock'  itemprop=\"text\" ><p>Das Unternehmen F.lli Misani, gegr\u00fcndet in den 1960er Jahren, repr\u00e4sentiert heute einen Ansprechpartner im Bereich Blechbearbeitung und stellt sich als Ihr spezialisierter Partner f\u00fcr klein bis mittel dimensionierte Metallbauteile sowie f\u00fcr thermische Laserschnitttechnik vor.<br \/>\nDie Firma, in unmittelbarer N\u00e4he zu Mailand gelegen, ist auf dem gesamt europ\u00e4ischen Markt t\u00e4tig und ist im Besonderen auf die L\u00e4nder Deutschland, Schweiz und Frankreich ausgerichtet. Der starke internationale Fokus wird speziell durch die deutschsprachige Handelsvertretung unterst\u00fctzt und betreut sowie durch die Teilnahme an international wichtigen Messen und Events des Sektors.<\/p>\n<h3>Vorreitertechnologie und handwerklicher Scharfsinn<\/h3>\n<p>Spitzentechnologie trifft auf handwerkliche Sorgfalt: Durch modernste Maschinenparks und automatisierte Prozesse bietet die Firma den vollst\u00e4ndigen Fertigungsprozess sowie die Entwicklungsbetreuung die sowohl f\u00fcr Gro\u00dfserien als auch f\u00fcr mittlere und kleine St\u00fcckzahlen. Der Schwerpunkt liegt dabei auf Projekten mit kundenspezifischen Anforderungen.<br \/>\nUnsere Produkte, die hohen Produktionsanspr\u00fcchen gen\u00fcgen und vielf\u00e4ltigen strengen Qualit\u00e4tskontrollen unterliegen, k\u00f6nnen die Anforderungen des Endkunden in technischer wie auch in \u00e4sthetischer Hinsicht erf\u00fcllen.<\/p>\n<\/div><\/section><\/div><\/div><!--close column table wrapper. Autoclose: 1 -->\n","protected":false},"excerpt":{"rendered":"","protected":false},"author":1,"featured_media":0,"parent":0,"menu_order":0,"comment_status":"closed","ping_status":"closed","template":"","meta":{"footnotes":""},"class_list":["post-3721","page","type-page","status-publish","hentry"],"yoast_head":"<!-- This site is optimized with the Yoast SEO plugin v26.0 - https:\/\/yoast.com\/wordpress\/plugins\/seo\/ -->\n<title>\u00dcber uns - Blechbearbeitung - Light Tischlerei im Namen anderer - Laser blechschnitr - F.lli Misani<\/title>\n<meta name=\"robots\" content=\"index, follow, max-snippet:-1, max-image-preview:large, max-video-preview:-1\" \/>\n<link rel=\"canonical\" href=\"https:\/\/www.misani.it\/de\/ueber-uns\/\" \/>\n<meta property=\"og:locale\" content=\"de_DE\" \/>\n<meta property=\"og:type\" content=\"article\" \/>\n<meta property=\"og:title\" content=\"\u00dcber uns - Blechbearbeitung - Light Tischlerei im Namen anderer - Laser blechschnitr - F.lli Misani\" \/>\n<meta property=\"og:url\" content=\"https:\/\/www.misani.it\/de\/ueber-uns\/\" \/>\n<meta property=\"og:site_name\" content=\"Misani\" \/>\n<meta property=\"article:modified_time\" content=\"2022-05-06T13:56:22+00:00\" \/>\n<meta name=\"twitter:card\" content=\"summary_large_image\" \/>\n<meta name=\"twitter:label1\" content=\"Gesch\u00e4tzte Lesezeit\" \/>\n\t<meta name=\"twitter:data1\" content=\"2\u00a0Minuten\" \/>\n<script type=\"application\/ld+json\" class=\"yoast-schema-graph\">{\"@context\":\"https:\/\/schema.org\",\"@graph\":[{\"@type\":\"WebPage\",\"@id\":\"https:\/\/www.misani.it\/de\/ueber-uns\/\",\"url\":\"https:\/\/www.misani.it\/de\/ueber-uns\/\",\"name\":\"\u00dcber uns - Blechbearbeitung - Light Tischlerei im Namen anderer - Laser blechschnitr - F.lli Misani\",\"isPartOf\":{\"@id\":\"https:\/\/www.misani.it\/#website\"},\"datePublished\":\"2017-01-05T10:58:53+00:00\",\"dateModified\":\"2022-05-06T13:56:22+00:00\",\"breadcrumb\":{\"@id\":\"https:\/\/www.misani.it\/de\/ueber-uns\/#breadcrumb\"},\"inLanguage\":\"de\",\"potentialAction\":[{\"@type\":\"ReadAction\",\"target\":[\"https:\/\/www.misani.it\/de\/ueber-uns\/\"]}]},{\"@type\":\"BreadcrumbList\",\"@id\":\"https:\/\/www.misani.it\/de\/ueber-uns\/#breadcrumb\",\"itemListElement\":[{\"@type\":\"ListItem\",\"position\":1,\"name\":\"Home\",\"item\":\"https:\/\/www.misani.it\/de\/\"},{\"@type\":\"ListItem\",\"position\":2,\"name\":\"\u00dcBER UNS\"}]},{\"@type\":\"WebSite\",\"@id\":\"https:\/\/www.misani.it\/#website\",\"url\":\"https:\/\/www.misani.it\/\",\"name\":\"Misani\",\"description\":\"F.lli Misani - Carpenteria leggera per conto di terzi - Taglio lamiere Laser - Lavorazione Lamiera\",\"potentialAction\":[{\"@type\":\"SearchAction\",\"target\":{\"@type\":\"EntryPoint\",\"urlTemplate\":\"https:\/\/www.misani.it\/?s={search_term_string}\"},\"query-input\":{\"@type\":\"PropertyValueSpecification\",\"valueRequired\":true,\"valueName\":\"search_term_string\"}}],\"inLanguage\":\"de\"}]}<\/script>\n<!-- \/ Yoast SEO plugin. -->","yoast_head_json":{"title":"\u00dcber uns - Blechbearbeitung - Light Tischlerei im Namen anderer - Laser blechschnitr - F.lli Misani","robots":{"index":"index","follow":"follow","max-snippet":"max-snippet:-1","max-image-preview":"max-image-preview:large","max-video-preview":"max-video-preview:-1"},"canonical":"https:\/\/www.misani.it\/de\/ueber-uns\/","og_locale":"de_DE","og_type":"article","og_title":"\u00dcber uns - Blechbearbeitung - Light Tischlerei im Namen anderer - Laser blechschnitr - F.lli Misani","og_url":"https:\/\/www.misani.it\/de\/ueber-uns\/","og_site_name":"Misani","article_modified_time":"2022-05-06T13:56:22+00:00","twitter_card":"summary_large_image","twitter_misc":{"Gesch\u00e4tzte Lesezeit":"2\u00a0Minuten"},"schema":{"@context":"https:\/\/schema.org","@graph":[{"@type":"WebPage","@id":"https:\/\/www.misani.it\/de\/ueber-uns\/","url":"https:\/\/www.misani.it\/de\/ueber-uns\/","name":"\u00dcber uns - Blechbearbeitung - Light Tischlerei im Namen anderer - Laser blechschnitr - F.lli Misani","isPartOf":{"@id":"https:\/\/www.misani.it\/#website"},"datePublished":"2017-01-05T10:58:53+00:00","dateModified":"2022-05-06T13:56:22+00:00","breadcrumb":{"@id":"https:\/\/www.misani.it\/de\/ueber-uns\/#breadcrumb"},"inLanguage":"de","potentialAction":[{"@type":"ReadAction","target":["https:\/\/www.misani.it\/de\/ueber-uns\/"]}]},{"@type":"BreadcrumbList","@id":"https:\/\/www.misani.it\/de\/ueber-uns\/#breadcrumb","itemListElement":[{"@type":"ListItem","position":1,"name":"Home","item":"https:\/\/www.misani.it\/de\/"},{"@type":"ListItem","position":2,"name":"\u00dcBER UNS"}]},{"@type":"WebSite","@id":"https:\/\/www.misani.it\/#website","url":"https:\/\/www.misani.it\/","name":"Misani","description":"F.lli Misani - Carpenteria leggera per conto di terzi - Taglio lamiere Laser - Lavorazione Lamiera","potentialAction":[{"@type":"SearchAction","target":{"@type":"EntryPoint","urlTemplate":"https:\/\/www.misani.it\/?s={search_term_string}"},"query-input":{"@type":"PropertyValueSpecification","valueRequired":true,"valueName":"search_term_string"}}],"inLanguage":"de"}]}},"_links":{"self":[{"href":"https:\/\/www.misani.it\/de\/wp-json\/wp\/v2\/pages\/3721","targetHints":{"allow":["GET"]}}],"collection":[{"href":"https:\/\/www.misani.it\/de\/wp-json\/wp\/v2\/pages"}],"about":[{"href":"https:\/\/www.misani.it\/de\/wp-json\/wp\/v2\/types\/page"}],"author":[{"embeddable":true,"href":"https:\/\/www.misani.it\/de\/wp-json\/wp\/v2\/users\/1"}],"replies":[{"embeddable":true,"href":"https:\/\/www.misani.it\/de\/wp-json\/wp\/v2\/comments?post=3721"}],"version-history":[{"count":5,"href":"https:\/\/www.misani.it\/de\/wp-json\/wp\/v2\/pages\/3721\/revisions"}],"predecessor-version":[{"id":4122,"href":"https:\/\/www.misani.it\/de\/wp-json\/wp\/v2\/pages\/3721\/revisions\/4122"}],"wp:attachment":[{"href":"https:\/\/www.misani.it\/de\/wp-json\/wp\/v2\/media?parent=3721"}],"curies":[{"name":"wp","href":"https:\/\/api.w.org\/{rel}","templated":true}]}}