{"id":3842,"date":"2017-01-23T17:19:43","date_gmt":"2017-01-23T16:19:43","guid":{"rendered":"http:\/\/new.misani.it\/carpenteria-leggera\/"},"modified":"2017-01-25T11:42:10","modified_gmt":"2017-01-25T10:42:10","slug":"leichte-metallverarbeitung","status":"publish","type":"page","link":"https:\/\/www.misani.it\/de\/leichte-metallverarbeitung\/","title":{"rendered":"LEICHTE METALLVERARBEITUNG"},"content":{"rendered":"<div id='full_slider_1'  class='avia-fullwidth-slider main_color avia-shadow   avia-builder-el-0  el_before_av_section  avia-builder-el-first   container_wrap fullsize'  ><div  class='avia-slideshow av-av_slideshow_full-02226221efbcb6a6bc6cbd46a00dfdcc avia-slideshow-no scaling av_slideshow_full avia-fade-slider av-slideshow-ui av-control-minimal av-slideshow-autoplay av-loop-endless av-loop-manual-endless av-default-height-applied   avia-slideshow-1' data-slideshow-options=\"{&quot;animation&quot;:&quot;fade&quot;,&quot;autoplay&quot;:true,&quot;loop_autoplay&quot;:&quot;endless&quot;,&quot;interval&quot;:5,&quot;loop_manual&quot;:&quot;manual-endless&quot;,&quot;autoplay_stopper&quot;:false,&quot;noNavigation&quot;:false,&quot;bg_slider&quot;:false,&quot;keep_padding&quot;:false,&quot;hoverpause&quot;:false,&quot;show_slide_delay&quot;:0}\"  itemprop=\"image\" itemscope=\"itemscope\" itemtype=\"https:\/\/schema.org\/ImageObject\" ><ul class='avia-slideshow-inner ' style='padding-bottom: 26.041666666667%;'><li  class='avia-slideshow-slide av-av_slideshow_full-02226221efbcb6a6bc6cbd46a00dfdcc__0  slide-1 slide-odd'><div data-rel='slideshow-1' class='avia-slide-wrap '  title='Misani - carpenteria taglio laser immagine di accessori di prodotto' ><img decoding=\"async\" fetchpriority=\"high\" class=\"wp-image-4072 avia-img-lazy-loading-not-4072\"  src=\"https:\/\/www.misani.it\/wp-content\/uploads\/2017\/01\/MISANI-CARPENTERIA-TAGLIO-LASER-PRODUZIONE-5.jpg\" width=\"1920\" height=\"500\" title='MISANI-CARPENTERIA-TAGLIO-LASER-PRODUZIONE-5' alt='Misani - carpenteria taglio laser immagine di accessori di prodotto'  itemprop=\"thumbnailUrl\" srcset=\"https:\/\/www.misani.it\/wp-content\/uploads\/2017\/01\/MISANI-CARPENTERIA-TAGLIO-LASER-PRODUZIONE-5.jpg 1920w, https:\/\/www.misani.it\/wp-content\/uploads\/2017\/01\/MISANI-CARPENTERIA-TAGLIO-LASER-PRODUZIONE-5-300x78.jpg 300w, https:\/\/www.misani.it\/wp-content\/uploads\/2017\/01\/MISANI-CARPENTERIA-TAGLIO-LASER-PRODUZIONE-5-768x200.jpg 768w, https:\/\/www.misani.it\/wp-content\/uploads\/2017\/01\/MISANI-CARPENTERIA-TAGLIO-LASER-PRODUZIONE-5-1030x268.jpg 1030w, https:\/\/www.misani.it\/wp-content\/uploads\/2017\/01\/MISANI-CARPENTERIA-TAGLIO-LASER-PRODUZIONE-5-1500x391.jpg 1500w, https:\/\/www.misani.it\/wp-content\/uploads\/2017\/01\/MISANI-CARPENTERIA-TAGLIO-LASER-PRODUZIONE-5-705x184.jpg 705w, https:\/\/www.misani.it\/wp-content\/uploads\/2017\/01\/MISANI-CARPENTERIA-TAGLIO-LASER-PRODUZIONE-5-450x117.jpg 450w\" sizes=\"(max-width: 1920px) 100vw, 1920px\" \/><\/div><\/li><li  class='avia-slideshow-slide av-av_slideshow_full-02226221efbcb6a6bc6cbd46a00dfdcc__1  slide-2 slide-even'><div data-rel='slideshow-1' class='avia-slide-wrap '  title='Misani - carpenteria taglio laser immagine di prodotto' ><img decoding=\"async\" fetchpriority=\"high\" class=\"wp-image-4060 avia-img-lazy-loading-not-4060\"  src=\"https:\/\/www.misani.it\/wp-content\/uploads\/2017\/01\/MISANI-CARPENTERIA-TAGLIO-LASER-PRODUZIONE-6.jpg\" width=\"1920\" height=\"500\" title='MISANI-CARPENTERIA-TAGLIO-LASER-PRODUZIONE-6' alt='Misani - carpenteria taglio laser immagine di prodotto'  itemprop=\"thumbnailUrl\" srcset=\"https:\/\/www.misani.it\/wp-content\/uploads\/2017\/01\/MISANI-CARPENTERIA-TAGLIO-LASER-PRODUZIONE-6.jpg 1920w, https:\/\/www.misani.it\/wp-content\/uploads\/2017\/01\/MISANI-CARPENTERIA-TAGLIO-LASER-PRODUZIONE-6-300x78.jpg 300w, https:\/\/www.misani.it\/wp-content\/uploads\/2017\/01\/MISANI-CARPENTERIA-TAGLIO-LASER-PRODUZIONE-6-768x200.jpg 768w, https:\/\/www.misani.it\/wp-content\/uploads\/2017\/01\/MISANI-CARPENTERIA-TAGLIO-LASER-PRODUZIONE-6-1030x268.jpg 1030w, https:\/\/www.misani.it\/wp-content\/uploads\/2017\/01\/MISANI-CARPENTERIA-TAGLIO-LASER-PRODUZIONE-6-1500x391.jpg 1500w, https:\/\/www.misani.it\/wp-content\/uploads\/2017\/01\/MISANI-CARPENTERIA-TAGLIO-LASER-PRODUZIONE-6-705x184.jpg 705w, https:\/\/www.misani.it\/wp-content\/uploads\/2017\/01\/MISANI-CARPENTERIA-TAGLIO-LASER-PRODUZIONE-6-450x117.jpg 450w\" sizes=\"(max-width: 1920px) 100vw, 1920px\" \/><\/div><\/li><li  class='avia-slideshow-slide av-av_slideshow_full-02226221efbcb6a6bc6cbd46a00dfdcc__2  slide-3 slide-odd'><div data-rel='slideshow-1' class='avia-slide-wrap '  title='Misani - carpenteria taglio laser immagine di prodotto' ><img decoding=\"async\" fetchpriority=\"high\" class=\"wp-image-4062 avia-img-lazy-loading-not-4062\"  src=\"https:\/\/www.misani.it\/wp-content\/uploads\/2017\/01\/MISANI-CARPENTERIA-TAGLIO-LASER-PRODUZIONE-7.jpg\" width=\"1920\" height=\"500\" title='MISANI-CARPENTERIA-TAGLIO-LASER-PRODUZIONE-7' alt='Misani - carpenteria taglio laser immagine di prodotto'  itemprop=\"thumbnailUrl\" srcset=\"https:\/\/www.misani.it\/wp-content\/uploads\/2017\/01\/MISANI-CARPENTERIA-TAGLIO-LASER-PRODUZIONE-7.jpg 1920w, https:\/\/www.misani.it\/wp-content\/uploads\/2017\/01\/MISANI-CARPENTERIA-TAGLIO-LASER-PRODUZIONE-7-300x78.jpg 300w, https:\/\/www.misani.it\/wp-content\/uploads\/2017\/01\/MISANI-CARPENTERIA-TAGLIO-LASER-PRODUZIONE-7-768x200.jpg 768w, https:\/\/www.misani.it\/wp-content\/uploads\/2017\/01\/MISANI-CARPENTERIA-TAGLIO-LASER-PRODUZIONE-7-1030x268.jpg 1030w, https:\/\/www.misani.it\/wp-content\/uploads\/2017\/01\/MISANI-CARPENTERIA-TAGLIO-LASER-PRODUZIONE-7-1500x391.jpg 1500w, https:\/\/www.misani.it\/wp-content\/uploads\/2017\/01\/MISANI-CARPENTERIA-TAGLIO-LASER-PRODUZIONE-7-705x184.jpg 705w, https:\/\/www.misani.it\/wp-content\/uploads\/2017\/01\/MISANI-CARPENTERIA-TAGLIO-LASER-PRODUZIONE-7-450x117.jpg 450w\" sizes=\"(max-width: 1920px) 100vw, 1920px\" \/><\/div><\/li><li  class='avia-slideshow-slide av-av_slideshow_full-02226221efbcb6a6bc6cbd46a00dfdcc__3  slide-4 slide-even'><div data-rel='slideshow-1' class='avia-slide-wrap '  title='Misani - carpenteria taglio laser immagine di prodotto' ><img decoding=\"async\" fetchpriority=\"high\" class=\"wp-image-4064 avia-img-lazy-loading-not-4064\"  src=\"https:\/\/www.misani.it\/wp-content\/uploads\/2017\/01\/MISANI-CARPENTERIA-TAGLIO-LASER-PRODUZIONE-1.jpg\" width=\"1920\" height=\"500\" title='MISANI-CARPENTERIA-TAGLIO-LASER-PRODUZIONE-1' alt='Misani - carpenteria taglio laser immagine di prodotto'  itemprop=\"thumbnailUrl\" srcset=\"https:\/\/www.misani.it\/wp-content\/uploads\/2017\/01\/MISANI-CARPENTERIA-TAGLIO-LASER-PRODUZIONE-1.jpg 1920w, https:\/\/www.misani.it\/wp-content\/uploads\/2017\/01\/MISANI-CARPENTERIA-TAGLIO-LASER-PRODUZIONE-1-300x78.jpg 300w, https:\/\/www.misani.it\/wp-content\/uploads\/2017\/01\/MISANI-CARPENTERIA-TAGLIO-LASER-PRODUZIONE-1-768x200.jpg 768w, https:\/\/www.misani.it\/wp-content\/uploads\/2017\/01\/MISANI-CARPENTERIA-TAGLIO-LASER-PRODUZIONE-1-1030x268.jpg 1030w, https:\/\/www.misani.it\/wp-content\/uploads\/2017\/01\/MISANI-CARPENTERIA-TAGLIO-LASER-PRODUZIONE-1-1500x391.jpg 1500w, https:\/\/www.misani.it\/wp-content\/uploads\/2017\/01\/MISANI-CARPENTERIA-TAGLIO-LASER-PRODUZIONE-1-705x184.jpg 705w, https:\/\/www.misani.it\/wp-content\/uploads\/2017\/01\/MISANI-CARPENTERIA-TAGLIO-LASER-PRODUZIONE-1-450x117.jpg 450w\" sizes=\"(max-width: 1920px) 100vw, 1920px\" \/><\/div><\/li><li  class='avia-slideshow-slide av-av_slideshow_full-02226221efbcb6a6bc6cbd46a00dfdcc__4  slide-5 slide-odd'><div data-rel='slideshow-1' class='avia-slide-wrap '  title='Misani - carpenteria taglio laser immagine di prodotto' ><img decoding=\"async\" fetchpriority=\"high\" class=\"wp-image-4066 avia-img-lazy-loading-not-4066\"  src=\"https:\/\/www.misani.it\/wp-content\/uploads\/2017\/01\/MISANI-CARPENTERIA-TAGLIO-LASER-PRODUZIONE-2.jpg\" width=\"1920\" height=\"500\" title='MISANI-CARPENTERIA-TAGLIO-LASER-PRODUZIONE-2' alt='Misani - carpenteria taglio laser immagine di prodotto'  itemprop=\"thumbnailUrl\" srcset=\"https:\/\/www.misani.it\/wp-content\/uploads\/2017\/01\/MISANI-CARPENTERIA-TAGLIO-LASER-PRODUZIONE-2.jpg 1920w, https:\/\/www.misani.it\/wp-content\/uploads\/2017\/01\/MISANI-CARPENTERIA-TAGLIO-LASER-PRODUZIONE-2-300x78.jpg 300w, https:\/\/www.misani.it\/wp-content\/uploads\/2017\/01\/MISANI-CARPENTERIA-TAGLIO-LASER-PRODUZIONE-2-768x200.jpg 768w, https:\/\/www.misani.it\/wp-content\/uploads\/2017\/01\/MISANI-CARPENTERIA-TAGLIO-LASER-PRODUZIONE-2-1030x268.jpg 1030w, https:\/\/www.misani.it\/wp-content\/uploads\/2017\/01\/MISANI-CARPENTERIA-TAGLIO-LASER-PRODUZIONE-2-1500x391.jpg 1500w, https:\/\/www.misani.it\/wp-content\/uploads\/2017\/01\/MISANI-CARPENTERIA-TAGLIO-LASER-PRODUZIONE-2-705x184.jpg 705w, https:\/\/www.misani.it\/wp-content\/uploads\/2017\/01\/MISANI-CARPENTERIA-TAGLIO-LASER-PRODUZIONE-2-450x117.jpg 450w\" sizes=\"(max-width: 1920px) 100vw, 1920px\" \/><\/div><\/li><li  class='avia-slideshow-slide av-av_slideshow_full-02226221efbcb6a6bc6cbd46a00dfdcc__5  slide-6 slide-even'><div data-rel='slideshow-1' class='avia-slide-wrap '  title='Misani - carpenteria taglio laser immagine di prodotto' ><img decoding=\"async\" fetchpriority=\"high\" class=\"wp-image-4068 avia-img-lazy-loading-not-4068\"  src=\"https:\/\/www.misani.it\/wp-content\/uploads\/2017\/01\/MISANI-CARPENTERIA-TAGLIO-LASER-PRODUZIONE-3.jpg\" width=\"1920\" height=\"500\" title='MISANI-CARPENTERIA-TAGLIO-LASER-PRODUZIONE-3' alt='Misani - carpenteria taglio laser immagine di prodotto'  itemprop=\"thumbnailUrl\" srcset=\"https:\/\/www.misani.it\/wp-content\/uploads\/2017\/01\/MISANI-CARPENTERIA-TAGLIO-LASER-PRODUZIONE-3.jpg 1920w, https:\/\/www.misani.it\/wp-content\/uploads\/2017\/01\/MISANI-CARPENTERIA-TAGLIO-LASER-PRODUZIONE-3-300x78.jpg 300w, https:\/\/www.misani.it\/wp-content\/uploads\/2017\/01\/MISANI-CARPENTERIA-TAGLIO-LASER-PRODUZIONE-3-768x200.jpg 768w, https:\/\/www.misani.it\/wp-content\/uploads\/2017\/01\/MISANI-CARPENTERIA-TAGLIO-LASER-PRODUZIONE-3-1030x268.jpg 1030w, https:\/\/www.misani.it\/wp-content\/uploads\/2017\/01\/MISANI-CARPENTERIA-TAGLIO-LASER-PRODUZIONE-3-1500x391.jpg 1500w, https:\/\/www.misani.it\/wp-content\/uploads\/2017\/01\/MISANI-CARPENTERIA-TAGLIO-LASER-PRODUZIONE-3-705x184.jpg 705w, https:\/\/www.misani.it\/wp-content\/uploads\/2017\/01\/MISANI-CARPENTERIA-TAGLIO-LASER-PRODUZIONE-3-450x117.jpg 450w\" sizes=\"(max-width: 1920px) 100vw, 1920px\" \/><\/div><\/li><li  class='avia-slideshow-slide av-av_slideshow_full-02226221efbcb6a6bc6cbd46a00dfdcc__6  slide-7 slide-odd'><div data-rel='slideshow-1' class='avia-slide-wrap '  title='Misani - carpenteria taglio laser immagine di accessori di prodotto' ><img decoding=\"async\" fetchpriority=\"high\" class=\"wp-image-4070 avia-img-lazy-loading-not-4070\"  src=\"https:\/\/www.misani.it\/wp-content\/uploads\/2017\/01\/MISANI-CARPENTERIA-TAGLIO-LASER-PRODUZIONE-4.jpg\" width=\"1920\" height=\"500\" title='MISANI-CARPENTERIA-TAGLIO-LASER-PRODUZIONE-4' alt='Misani - carpenteria taglio laser immagine di accessori di prodotto'  itemprop=\"thumbnailUrl\" srcset=\"https:\/\/www.misani.it\/wp-content\/uploads\/2017\/01\/MISANI-CARPENTERIA-TAGLIO-LASER-PRODUZIONE-4.jpg 1920w, https:\/\/www.misani.it\/wp-content\/uploads\/2017\/01\/MISANI-CARPENTERIA-TAGLIO-LASER-PRODUZIONE-4-300x78.jpg 300w, https:\/\/www.misani.it\/wp-content\/uploads\/2017\/01\/MISANI-CARPENTERIA-TAGLIO-LASER-PRODUZIONE-4-768x200.jpg 768w, https:\/\/www.misani.it\/wp-content\/uploads\/2017\/01\/MISANI-CARPENTERIA-TAGLIO-LASER-PRODUZIONE-4-1030x268.jpg 1030w, https:\/\/www.misani.it\/wp-content\/uploads\/2017\/01\/MISANI-CARPENTERIA-TAGLIO-LASER-PRODUZIONE-4-1500x391.jpg 1500w, https:\/\/www.misani.it\/wp-content\/uploads\/2017\/01\/MISANI-CARPENTERIA-TAGLIO-LASER-PRODUZIONE-4-705x184.jpg 705w, https:\/\/www.misani.it\/wp-content\/uploads\/2017\/01\/MISANI-CARPENTERIA-TAGLIO-LASER-PRODUZIONE-4-450x117.jpg 450w\" sizes=\"(max-width: 1920px) 100vw, 1920px\" \/><\/div><\/li><\/ul><div class='avia-slideshow-arrows avia-slideshow-controls' ><a href='#prev' class='prev-slide  avia-svg-icon avia-font-svg_entypo-fontello' data-av_svg_icon='left-open-big' data-av_iconset='svg_entypo-fontello' tabindex='-1' title=\"Zur\u00fcck\"><svg version=\"1.1\" xmlns=\"http:\/\/www.w3.org\/2000\/svg\" width=\"15\" height=\"32\" viewBox=\"0 0 15 32\" preserveAspectRatio=\"xMidYMid meet\" aria-labelledby='av-svg-title-1' aria-describedby='av-svg-desc-1' role=\"graphics-symbol\" aria-hidden=\"true\">\n<title id='av-svg-title-1'>Zur\u00fcck<\/title>\n<desc id='av-svg-desc-1'>Zur\u00fcck<\/desc>\n<path d=\"M14.464 27.84q0.832 0.832 0 1.536-0.832 0.832-1.536 0l-12.544-12.608q-0.768-0.768 0-1.6l12.544-12.608q0.704-0.832 1.536 0 0.832 0.704 0 1.536l-11.456 11.904z\"><\/path>\n<\/svg><span class='avia_hidden_link_text'>Zur\u00fcck<\/span><\/a><a href='#next' class='next-slide  avia-svg-icon avia-font-svg_entypo-fontello' data-av_svg_icon='right-open-big' data-av_iconset='svg_entypo-fontello' tabindex='-1' title=\"Weiter\"><svg version=\"1.1\" xmlns=\"http:\/\/www.w3.org\/2000\/svg\" width=\"15\" height=\"32\" viewBox=\"0 0 15 32\" preserveAspectRatio=\"xMidYMid meet\" aria-labelledby='av-svg-title-2' aria-describedby='av-svg-desc-2' role=\"graphics-symbol\" aria-hidden=\"true\">\n<title id='av-svg-title-2'>Weiter<\/title>\n<desc id='av-svg-desc-2'>Weiter<\/desc>\n<path d=\"M0.416 27.84l11.456-11.84-11.456-11.904q-0.832-0.832 0-1.536 0.832-0.832 1.536 0l12.544 12.608q0.768 0.832 0 1.6l-12.544 12.608q-0.704 0.832-1.536 0-0.832-0.704 0-1.536z\"><\/path>\n<\/svg><span class='avia_hidden_link_text'>Weiter<\/span><\/a><\/div><div class='avia-slideshow-dots avia-slideshow-controls'><a href='#1' class='goto-slide active' >1<\/a><a href='#2' class='goto-slide ' >2<\/a><a href='#3' class='goto-slide ' >3<\/a><a href='#4' class='goto-slide ' >4<\/a><a href='#5' class='goto-slide ' >5<\/a><a href='#6' class='goto-slide ' >6<\/a><a href='#7' class='goto-slide ' >7<\/a><\/div><\/div><\/div>\n\n<style type=\"text\/css\" data-created_by=\"avia_inline_auto\" id=\"style-css-av-av_section-c18f0ea45598e1e2f231d943d42f390d\">\n.avia-section.av-av_section-c18f0ea45598e1e2f231d943d42f390d{\nbackground-color:#000000;\nbackground-image:unset;\n}\n<\/style>\n<div id='av_section_1'  class='avia-section av-av_section-c18f0ea45598e1e2f231d943d42f390d main_color avia-section-no-padding avia-no-border-styling  avia-builder-el-1  el_after_av_slideshow_full  el_before_av_one_full  avia-bg-style-scroll container_wrap fullsize'  ><div class='container av-section-cont-open' ><div class='template-page content  av-content-full alpha units'><div class='post-entry post-entry-type-page post-entry-3842'><div class='entry-content-wrapper clearfix'>\n\n<style type=\"text\/css\" data-created_by=\"avia_inline_auto\" id=\"style-css-av-av_textblock-fed70831d1cd574a49fb030f6788f8df\">\n#top .av_textblock_section.av-av_textblock-fed70831d1cd574a49fb030f6788f8df .avia_textblock{\nfont-size:24px;\n}\n<\/style>\n<section  class='av_textblock_section av-av_textblock-fed70831d1cd574a49fb030f6788f8df '   itemscope=\"itemscope\" itemtype=\"https:\/\/schema.org\/CreativeWork\" ><div class='avia_textblock av_inherit_color'  itemprop=\"text\" ><p style=\"text-align: center; letter-spacing: 22px;\"><span style=\"color: #ffffff;\">WENN DIE MATERIE <\/span><span style=\"color: #ffe200;\">GESTALT ANNIMMT<\/span><\/p>\n<\/div><\/section>\n<\/div><\/div><\/div><!-- close content main div --><\/div><\/div><div id='after_section_1'  class='main_color av_default_container_wrap container_wrap fullsize'  ><div class='container av-section-cont-open' ><div class='template-page content  av-content-full alpha units'><div class='post-entry post-entry-type-page post-entry-3842'><div class='entry-content-wrapper clearfix'>\n<style type=\"text\/css\" data-created_by=\"avia_inline_auto\" id=\"style-css-av-av_one_full-93407bb19249d2c06b1ab9d23b9661df\">\n#top .flex_column.av-av_one_full-93407bb19249d2c06b1ab9d23b9661df{\nmargin-top:0px;\nmargin-bottom:0px;\n}\n.flex_column.av-av_one_full-93407bb19249d2c06b1ab9d23b9661df{\nborder-radius:0px 0px 0px 0px;\npadding:0px 0px 0px 0px;\n}\n.responsive #top #wrap_all .flex_column.av-av_one_full-93407bb19249d2c06b1ab9d23b9661df{\nmargin-top:0px;\nmargin-bottom:0px;\n}\n<\/style>\n<div  class='flex_column av-av_one_full-93407bb19249d2c06b1ab9d23b9661df av_one_full  avia-builder-el-3  el_after_av_section  avia-builder-el-no-sibling  first flex_column_div av-zero-column-padding  '     ><section  class='av_textblock_section av-av_textblock-0366cc7376be6c9e82a3e9cc8987b64f '   itemscope=\"itemscope\" itemtype=\"https:\/\/schema.org\/CreativeWork\" ><div class='avia_textblock'  itemprop=\"text\" ><h2>LEICHTE METALLVERARBEITUNG<\/h2>\n<p>Die leichte Metallverarbeitung unterscheidet sich von der schweren in der d\u00fcnneren St\u00e4rke der Blecharten.<\/p>\n<p>Gebr\u00fcder Misani hat sich in der leichten Metallverarbeitung spezialisiert, vor allem in der Bearbeitung verschiedener Arten von Metallblech, wie Stahl, Aluminium, Kupfer.<\/p>\n<p>Da wir \u00fcber technologisch fortgeschrittenen Produktionsanlagen verf\u00fcgen, sind wir in der Lage Erzeugnisse hoher Qualit\u00e4t bei h\u00f6chster Genauigkeit zu erlangen.<\/p>\n<p>Die T\u00e4tigkeiten der leichten Metallverarbeitung werden durch qualifizierte Arbeiter ausgef\u00fchrt, die innovative Maschinen ben\u00fctzen. Wir erzielen die leichte Metallverarbeitung mit dem Einsatz von Ausschneiden, Schleifen, Stanzen, Verbiegen, Punzieren mit LASER, wobei wir eine akkurate Planung der Arbeiten gew\u00e4hrleisten und somit eine h\u00f6chste Genauigkeit der Verwirklichung erzielen.<\/p>\n<p><a href=\"\/kontakt\/\">Kontaktieren Sie uns<\/a> um einen gratis Kostenvorschlag f\u00fcr die leichte Metallverarbeitung zu erhalten.<\/p>\n<\/div><\/section><\/div><\/p>\n","protected":false},"excerpt":{"rendered":"","protected":false},"author":1,"featured_media":0,"parent":0,"menu_order":0,"comment_status":"closed","ping_status":"closed","template":"","meta":{"footnotes":""},"class_list":["post-3842","page","type-page","status-publish","hentry"],"yoast_head":"<!-- This site is optimized with the Yoast SEO plugin v26.0 - https:\/\/yoast.com\/wordpress\/plugins\/seo\/ -->\n<title>Leichte metallverarbeitung - Blechbearbeitung - Light Tischlerei im Namen anderer - Laser blechschnitr - F.lli Misani<\/title>\n<meta name=\"robots\" content=\"index, follow, max-snippet:-1, max-image-preview:large, max-video-preview:-1\" \/>\n<link rel=\"canonical\" href=\"https:\/\/www.misani.it\/de\/leichte-metallverarbeitung\/\" \/>\n<meta property=\"og:locale\" content=\"de_DE\" \/>\n<meta property=\"og:type\" content=\"article\" \/>\n<meta property=\"og:title\" content=\"Leichte metallverarbeitung - Blechbearbeitung - Light Tischlerei im Namen anderer - Laser blechschnitr - F.lli Misani\" \/>\n<meta property=\"og:url\" content=\"https:\/\/www.misani.it\/de\/leichte-metallverarbeitung\/\" \/>\n<meta property=\"og:site_name\" content=\"Misani\" \/>\n<meta property=\"article:modified_time\" content=\"2017-01-25T10:42:10+00:00\" \/>\n<meta name=\"twitter:card\" content=\"summary_large_image\" \/>\n<meta name=\"twitter:label1\" content=\"Gesch\u00e4tzte Lesezeit\" \/>\n\t<meta name=\"twitter:data1\" content=\"5\u00a0Minuten\" \/>\n<script type=\"application\/ld+json\" class=\"yoast-schema-graph\">{\"@context\":\"https:\/\/schema.org\",\"@graph\":[{\"@type\":\"WebPage\",\"@id\":\"https:\/\/www.misani.it\/de\/leichte-metallverarbeitung\/\",\"url\":\"https:\/\/www.misani.it\/de\/leichte-metallverarbeitung\/\",\"name\":\"Leichte metallverarbeitung - Blechbearbeitung - Light Tischlerei im Namen anderer - Laser blechschnitr - F.lli Misani\",\"isPartOf\":{\"@id\":\"https:\/\/www.misani.it\/#website\"},\"datePublished\":\"2017-01-23T16:19:43+00:00\",\"dateModified\":\"2017-01-25T10:42:10+00:00\",\"breadcrumb\":{\"@id\":\"https:\/\/www.misani.it\/de\/leichte-metallverarbeitung\/#breadcrumb\"},\"inLanguage\":\"de\",\"potentialAction\":[{\"@type\":\"ReadAction\",\"target\":[\"https:\/\/www.misani.it\/de\/leichte-metallverarbeitung\/\"]}]},{\"@type\":\"BreadcrumbList\",\"@id\":\"https:\/\/www.misani.it\/de\/leichte-metallverarbeitung\/#breadcrumb\",\"itemListElement\":[{\"@type\":\"ListItem\",\"position\":1,\"name\":\"Home\",\"item\":\"https:\/\/www.misani.it\/de\/\"},{\"@type\":\"ListItem\",\"position\":2,\"name\":\"LEICHTE METALLVERARBEITUNG\"}]},{\"@type\":\"WebSite\",\"@id\":\"https:\/\/www.misani.it\/#website\",\"url\":\"https:\/\/www.misani.it\/\",\"name\":\"Misani\",\"description\":\"F.lli Misani - Carpenteria leggera per conto di terzi - Taglio lamiere Laser - Lavorazione Lamiera\",\"potentialAction\":[{\"@type\":\"SearchAction\",\"target\":{\"@type\":\"EntryPoint\",\"urlTemplate\":\"https:\/\/www.misani.it\/?s={search_term_string}\"},\"query-input\":{\"@type\":\"PropertyValueSpecification\",\"valueRequired\":true,\"valueName\":\"search_term_string\"}}],\"inLanguage\":\"de\"}]}<\/script>\n<!-- \/ Yoast SEO plugin. -->","yoast_head_json":{"title":"Leichte metallverarbeitung - Blechbearbeitung - Light Tischlerei im Namen anderer - Laser blechschnitr - F.lli Misani","robots":{"index":"index","follow":"follow","max-snippet":"max-snippet:-1","max-image-preview":"max-image-preview:large","max-video-preview":"max-video-preview:-1"},"canonical":"https:\/\/www.misani.it\/de\/leichte-metallverarbeitung\/","og_locale":"de_DE","og_type":"article","og_title":"Leichte metallverarbeitung - Blechbearbeitung - Light Tischlerei im Namen anderer - Laser blechschnitr - F.lli Misani","og_url":"https:\/\/www.misani.it\/de\/leichte-metallverarbeitung\/","og_site_name":"Misani","article_modified_time":"2017-01-25T10:42:10+00:00","twitter_card":"summary_large_image","twitter_misc":{"Gesch\u00e4tzte Lesezeit":"5\u00a0Minuten"},"schema":{"@context":"https:\/\/schema.org","@graph":[{"@type":"WebPage","@id":"https:\/\/www.misani.it\/de\/leichte-metallverarbeitung\/","url":"https:\/\/www.misani.it\/de\/leichte-metallverarbeitung\/","name":"Leichte metallverarbeitung - Blechbearbeitung - Light Tischlerei im Namen anderer - Laser blechschnitr - F.lli Misani","isPartOf":{"@id":"https:\/\/www.misani.it\/#website"},"datePublished":"2017-01-23T16:19:43+00:00","dateModified":"2017-01-25T10:42:10+00:00","breadcrumb":{"@id":"https:\/\/www.misani.it\/de\/leichte-metallverarbeitung\/#breadcrumb"},"inLanguage":"de","potentialAction":[{"@type":"ReadAction","target":["https:\/\/www.misani.it\/de\/leichte-metallverarbeitung\/"]}]},{"@type":"BreadcrumbList","@id":"https:\/\/www.misani.it\/de\/leichte-metallverarbeitung\/#breadcrumb","itemListElement":[{"@type":"ListItem","position":1,"name":"Home","item":"https:\/\/www.misani.it\/de\/"},{"@type":"ListItem","position":2,"name":"LEICHTE METALLVERARBEITUNG"}]},{"@type":"WebSite","@id":"https:\/\/www.misani.it\/#website","url":"https:\/\/www.misani.it\/","name":"Misani","description":"F.lli Misani - Carpenteria leggera per conto di terzi - Taglio lamiere Laser - Lavorazione Lamiera","potentialAction":[{"@type":"SearchAction","target":{"@type":"EntryPoint","urlTemplate":"https:\/\/www.misani.it\/?s={search_term_string}"},"query-input":{"@type":"PropertyValueSpecification","valueRequired":true,"valueName":"search_term_string"}}],"inLanguage":"de"}]}},"_links":{"self":[{"href":"https:\/\/www.misani.it\/de\/wp-json\/wp\/v2\/pages\/3842","targetHints":{"allow":["GET"]}}],"collection":[{"href":"https:\/\/www.misani.it\/de\/wp-json\/wp\/v2\/pages"}],"about":[{"href":"https:\/\/www.misani.it\/de\/wp-json\/wp\/v2\/types\/page"}],"author":[{"embeddable":true,"href":"https:\/\/www.misani.it\/de\/wp-json\/wp\/v2\/users\/1"}],"replies":[{"embeddable":true,"href":"https:\/\/www.misani.it\/de\/wp-json\/wp\/v2\/comments?post=3842"}],"version-history":[{"count":1,"href":"https:\/\/www.misani.it\/de\/wp-json\/wp\/v2\/pages\/3842\/revisions"}],"predecessor-version":[{"id":3843,"href":"https:\/\/www.misani.it\/de\/wp-json\/wp\/v2\/pages\/3842\/revisions\/3843"}],"wp:attachment":[{"href":"https:\/\/www.misani.it\/de\/wp-json\/wp\/v2\/media?parent=3842"}],"curies":[{"name":"wp","href":"https:\/\/api.w.org\/{rel}","templated":true}]}}