{"id":4206,"date":"2017-01-23T17:24:19","date_gmt":"2017-01-23T16:24:19","guid":{"rendered":"https:\/\/www.misani.it\/carpenteria-monza-brianza\/"},"modified":"2023-03-22T16:10:18","modified_gmt":"2023-03-22T15:10:18","slug":"menuiserie-monza-brianza","status":"publish","type":"page","link":"https:\/\/www.misani.it\/fr\/menuiserie-monza-brianza\/","title":{"rendered":"Menuiserie Monza Brianza"},"content":{"rendered":"<div id='full_slider_1'  class='avia-fullwidth-slider main_color avia-shadow   avia-builder-el-0  el_before_av_section  avia-builder-el-first   container_wrap fullsize'  ><div  class='avia-slideshow av-ky9ppt-e64f9b01205c76e22d7d3a2838173a6e avia-slideshow-no scaling av_slideshow_full avia-fade-slider av-slideshow-ui av-control-minimal av-slideshow-autoplay av-loop-endless av-loop-manual-endless av-default-height-applied   avia-slideshow-1' data-slideshow-options=\"{&quot;animation&quot;:&quot;fade&quot;,&quot;autoplay&quot;:true,&quot;loop_autoplay&quot;:&quot;endless&quot;,&quot;interval&quot;:5,&quot;loop_manual&quot;:&quot;manual-endless&quot;,&quot;autoplay_stopper&quot;:false,&quot;noNavigation&quot;:false,&quot;bg_slider&quot;:false,&quot;keep_padding&quot;:false,&quot;hoverpause&quot;:false,&quot;show_slide_delay&quot;:0}\"  itemprop=\"image\" itemscope=\"itemscope\" itemtype=\"https:\/\/schema.org\/ImageObject\" ><ul class='avia-slideshow-inner ' style='padding-bottom: 26.041666666667%;'><li  class='avia-slideshow-slide av-ky9ppt-e64f9b01205c76e22d7d3a2838173a6e__0  slide-1 slide-odd'><div data-rel='slideshow-1' class='avia-slide-wrap '  title='Misani - carpenteria taglio laser immagine di accessori di prodotto' ><img decoding=\"async\" fetchpriority=\"high\" class=\"wp-image-4179 avia-img-lazy-loading-not-4179\"  src=\"https:\/\/www.misani.it\/wp-content\/uploads\/2017\/01\/MISANI-CARPENTERIA-TAGLIO-LASER-PRODUZIONE-5.jpg\" width=\"1920\" height=\"500\" title='MISANI-CARPENTERIA-TAGLIO-LASER-PRODUZIONE-5' alt='Misani - carpenteria taglio laser immagine di accessori di prodotto'  itemprop=\"thumbnailUrl\" srcset=\"https:\/\/www.misani.it\/wp-content\/uploads\/2017\/01\/MISANI-CARPENTERIA-TAGLIO-LASER-PRODUZIONE-5.jpg 1920w, https:\/\/www.misani.it\/wp-content\/uploads\/2017\/01\/MISANI-CARPENTERIA-TAGLIO-LASER-PRODUZIONE-5-300x78.jpg 300w, https:\/\/www.misani.it\/wp-content\/uploads\/2017\/01\/MISANI-CARPENTERIA-TAGLIO-LASER-PRODUZIONE-5-768x200.jpg 768w, https:\/\/www.misani.it\/wp-content\/uploads\/2017\/01\/MISANI-CARPENTERIA-TAGLIO-LASER-PRODUZIONE-5-1030x268.jpg 1030w, https:\/\/www.misani.it\/wp-content\/uploads\/2017\/01\/MISANI-CARPENTERIA-TAGLIO-LASER-PRODUZIONE-5-1500x391.jpg 1500w, https:\/\/www.misani.it\/wp-content\/uploads\/2017\/01\/MISANI-CARPENTERIA-TAGLIO-LASER-PRODUZIONE-5-705x184.jpg 705w, https:\/\/www.misani.it\/wp-content\/uploads\/2017\/01\/MISANI-CARPENTERIA-TAGLIO-LASER-PRODUZIONE-5-450x117.jpg 450w\" sizes=\"(max-width: 1920px) 100vw, 1920px\" \/><\/div><\/li><li  class='avia-slideshow-slide av-ky9ppt-e64f9b01205c76e22d7d3a2838173a6e__1  slide-2 slide-even'><div data-rel='slideshow-1' class='avia-slide-wrap '  title='Misani - carpenteria taglio laser immagine di prodotto' ><img decoding=\"async\" fetchpriority=\"high\" class=\"wp-image-4173 avia-img-lazy-loading-not-4173\"  src=\"https:\/\/www.misani.it\/wp-content\/uploads\/2017\/01\/MISANI-CARPENTERIA-TAGLIO-LASER-PRODUZIONE-6.jpg\" width=\"1920\" height=\"500\" title='MISANI-CARPENTERIA-TAGLIO-LASER-PRODUZIONE-6' alt='Misani - carpenteria taglio laser immagine di prodotto'  itemprop=\"thumbnailUrl\" srcset=\"https:\/\/www.misani.it\/wp-content\/uploads\/2017\/01\/MISANI-CARPENTERIA-TAGLIO-LASER-PRODUZIONE-6.jpg 1920w, https:\/\/www.misani.it\/wp-content\/uploads\/2017\/01\/MISANI-CARPENTERIA-TAGLIO-LASER-PRODUZIONE-6-300x78.jpg 300w, https:\/\/www.misani.it\/wp-content\/uploads\/2017\/01\/MISANI-CARPENTERIA-TAGLIO-LASER-PRODUZIONE-6-768x200.jpg 768w, https:\/\/www.misani.it\/wp-content\/uploads\/2017\/01\/MISANI-CARPENTERIA-TAGLIO-LASER-PRODUZIONE-6-1030x268.jpg 1030w, https:\/\/www.misani.it\/wp-content\/uploads\/2017\/01\/MISANI-CARPENTERIA-TAGLIO-LASER-PRODUZIONE-6-1500x391.jpg 1500w, https:\/\/www.misani.it\/wp-content\/uploads\/2017\/01\/MISANI-CARPENTERIA-TAGLIO-LASER-PRODUZIONE-6-705x184.jpg 705w, https:\/\/www.misani.it\/wp-content\/uploads\/2017\/01\/MISANI-CARPENTERIA-TAGLIO-LASER-PRODUZIONE-6-450x117.jpg 450w\" sizes=\"(max-width: 1920px) 100vw, 1920px\" \/><\/div><\/li><li  class='avia-slideshow-slide av-ky9ppt-e64f9b01205c76e22d7d3a2838173a6e__2  slide-3 slide-odd'><div data-rel='slideshow-1' class='avia-slide-wrap '  title='Misani - carpenteria taglio laser immagine di prodotto' ><img decoding=\"async\" fetchpriority=\"high\" class=\"wp-image-4174 avia-img-lazy-loading-not-4174\"  src=\"https:\/\/www.misani.it\/wp-content\/uploads\/2017\/01\/MISANI-CARPENTERIA-TAGLIO-LASER-PRODUZIONE-7.jpg\" width=\"1920\" height=\"500\" title='MISANI-CARPENTERIA-TAGLIO-LASER-PRODUZIONE-7' alt='Misani - carpenteria taglio laser immagine di prodotto'  itemprop=\"thumbnailUrl\" srcset=\"https:\/\/www.misani.it\/wp-content\/uploads\/2017\/01\/MISANI-CARPENTERIA-TAGLIO-LASER-PRODUZIONE-7.jpg 1920w, https:\/\/www.misani.it\/wp-content\/uploads\/2017\/01\/MISANI-CARPENTERIA-TAGLIO-LASER-PRODUZIONE-7-300x78.jpg 300w, https:\/\/www.misani.it\/wp-content\/uploads\/2017\/01\/MISANI-CARPENTERIA-TAGLIO-LASER-PRODUZIONE-7-768x200.jpg 768w, https:\/\/www.misani.it\/wp-content\/uploads\/2017\/01\/MISANI-CARPENTERIA-TAGLIO-LASER-PRODUZIONE-7-1030x268.jpg 1030w, https:\/\/www.misani.it\/wp-content\/uploads\/2017\/01\/MISANI-CARPENTERIA-TAGLIO-LASER-PRODUZIONE-7-1500x391.jpg 1500w, https:\/\/www.misani.it\/wp-content\/uploads\/2017\/01\/MISANI-CARPENTERIA-TAGLIO-LASER-PRODUZIONE-7-705x184.jpg 705w, https:\/\/www.misani.it\/wp-content\/uploads\/2017\/01\/MISANI-CARPENTERIA-TAGLIO-LASER-PRODUZIONE-7-450x117.jpg 450w\" sizes=\"(max-width: 1920px) 100vw, 1920px\" \/><\/div><\/li><li  class='avia-slideshow-slide av-ky9ppt-e64f9b01205c76e22d7d3a2838173a6e__3  slide-4 slide-even'><div data-rel='slideshow-1' class='avia-slide-wrap '  title='Misani - carpenteria taglio laser immagine di prodotto' ><img decoding=\"async\" fetchpriority=\"high\" class=\"wp-image-4175 avia-img-lazy-loading-not-4175\"  src=\"https:\/\/www.misani.it\/wp-content\/uploads\/2017\/01\/MISANI-CARPENTERIA-TAGLIO-LASER-PRODUZIONE-1.jpg\" width=\"1920\" height=\"500\" title='MISANI-CARPENTERIA-TAGLIO-LASER-PRODUZIONE-1' alt='Misani - carpenteria taglio laser immagine di prodotto'  itemprop=\"thumbnailUrl\" srcset=\"https:\/\/www.misani.it\/wp-content\/uploads\/2017\/01\/MISANI-CARPENTERIA-TAGLIO-LASER-PRODUZIONE-1.jpg 1920w, https:\/\/www.misani.it\/wp-content\/uploads\/2017\/01\/MISANI-CARPENTERIA-TAGLIO-LASER-PRODUZIONE-1-300x78.jpg 300w, https:\/\/www.misani.it\/wp-content\/uploads\/2017\/01\/MISANI-CARPENTERIA-TAGLIO-LASER-PRODUZIONE-1-768x200.jpg 768w, https:\/\/www.misani.it\/wp-content\/uploads\/2017\/01\/MISANI-CARPENTERIA-TAGLIO-LASER-PRODUZIONE-1-1030x268.jpg 1030w, https:\/\/www.misani.it\/wp-content\/uploads\/2017\/01\/MISANI-CARPENTERIA-TAGLIO-LASER-PRODUZIONE-1-1500x391.jpg 1500w, https:\/\/www.misani.it\/wp-content\/uploads\/2017\/01\/MISANI-CARPENTERIA-TAGLIO-LASER-PRODUZIONE-1-705x184.jpg 705w, https:\/\/www.misani.it\/wp-content\/uploads\/2017\/01\/MISANI-CARPENTERIA-TAGLIO-LASER-PRODUZIONE-1-450x117.jpg 450w\" sizes=\"(max-width: 1920px) 100vw, 1920px\" \/><\/div><\/li><li  class='avia-slideshow-slide av-ky9ppt-e64f9b01205c76e22d7d3a2838173a6e__4  slide-5 slide-odd'><div data-rel='slideshow-1' class='avia-slide-wrap '  title='Misani - carpenteria taglio laser immagine di prodotto' ><img decoding=\"async\" fetchpriority=\"high\" class=\"wp-image-4176 avia-img-lazy-loading-not-4176\"  src=\"https:\/\/www.misani.it\/wp-content\/uploads\/2017\/01\/MISANI-CARPENTERIA-TAGLIO-LASER-PRODUZIONE-2.jpg\" width=\"1920\" height=\"500\" title='MISANI-CARPENTERIA-TAGLIO-LASER-PRODUZIONE-2' alt='Misani - carpenteria taglio laser immagine di prodotto'  itemprop=\"thumbnailUrl\" srcset=\"https:\/\/www.misani.it\/wp-content\/uploads\/2017\/01\/MISANI-CARPENTERIA-TAGLIO-LASER-PRODUZIONE-2.jpg 1920w, https:\/\/www.misani.it\/wp-content\/uploads\/2017\/01\/MISANI-CARPENTERIA-TAGLIO-LASER-PRODUZIONE-2-300x78.jpg 300w, https:\/\/www.misani.it\/wp-content\/uploads\/2017\/01\/MISANI-CARPENTERIA-TAGLIO-LASER-PRODUZIONE-2-768x200.jpg 768w, https:\/\/www.misani.it\/wp-content\/uploads\/2017\/01\/MISANI-CARPENTERIA-TAGLIO-LASER-PRODUZIONE-2-1030x268.jpg 1030w, https:\/\/www.misani.it\/wp-content\/uploads\/2017\/01\/MISANI-CARPENTERIA-TAGLIO-LASER-PRODUZIONE-2-1500x391.jpg 1500w, https:\/\/www.misani.it\/wp-content\/uploads\/2017\/01\/MISANI-CARPENTERIA-TAGLIO-LASER-PRODUZIONE-2-705x184.jpg 705w, https:\/\/www.misani.it\/wp-content\/uploads\/2017\/01\/MISANI-CARPENTERIA-TAGLIO-LASER-PRODUZIONE-2-450x117.jpg 450w\" sizes=\"(max-width: 1920px) 100vw, 1920px\" \/><\/div><\/li><li  class='avia-slideshow-slide av-ky9ppt-e64f9b01205c76e22d7d3a2838173a6e__5  slide-6 slide-even'><div data-rel='slideshow-1' class='avia-slide-wrap '  title='Misani - carpenteria taglio laser immagine di prodotto' ><img decoding=\"async\" fetchpriority=\"high\" class=\"wp-image-4177 avia-img-lazy-loading-not-4177\"  src=\"https:\/\/www.misani.it\/wp-content\/uploads\/2017\/01\/MISANI-CARPENTERIA-TAGLIO-LASER-PRODUZIONE-3.jpg\" width=\"1920\" height=\"500\" title='MISANI-CARPENTERIA-TAGLIO-LASER-PRODUZIONE-3' alt='Misani - carpenteria taglio laser immagine di prodotto'  itemprop=\"thumbnailUrl\" srcset=\"https:\/\/www.misani.it\/wp-content\/uploads\/2017\/01\/MISANI-CARPENTERIA-TAGLIO-LASER-PRODUZIONE-3.jpg 1920w, https:\/\/www.misani.it\/wp-content\/uploads\/2017\/01\/MISANI-CARPENTERIA-TAGLIO-LASER-PRODUZIONE-3-300x78.jpg 300w, https:\/\/www.misani.it\/wp-content\/uploads\/2017\/01\/MISANI-CARPENTERIA-TAGLIO-LASER-PRODUZIONE-3-768x200.jpg 768w, https:\/\/www.misani.it\/wp-content\/uploads\/2017\/01\/MISANI-CARPENTERIA-TAGLIO-LASER-PRODUZIONE-3-1030x268.jpg 1030w, https:\/\/www.misani.it\/wp-content\/uploads\/2017\/01\/MISANI-CARPENTERIA-TAGLIO-LASER-PRODUZIONE-3-1500x391.jpg 1500w, https:\/\/www.misani.it\/wp-content\/uploads\/2017\/01\/MISANI-CARPENTERIA-TAGLIO-LASER-PRODUZIONE-3-705x184.jpg 705w, https:\/\/www.misani.it\/wp-content\/uploads\/2017\/01\/MISANI-CARPENTERIA-TAGLIO-LASER-PRODUZIONE-3-450x117.jpg 450w\" sizes=\"(max-width: 1920px) 100vw, 1920px\" \/><\/div><\/li><li  class='avia-slideshow-slide av-ky9ppt-e64f9b01205c76e22d7d3a2838173a6e__6  slide-7 slide-odd'><div data-rel='slideshow-1' class='avia-slide-wrap '  title='Misani - carpenteria taglio laser immagine di accessori di prodotto' ><img decoding=\"async\" fetchpriority=\"high\" class=\"wp-image-4178 avia-img-lazy-loading-not-4178\"  src=\"https:\/\/www.misani.it\/wp-content\/uploads\/2017\/01\/MISANI-CARPENTERIA-TAGLIO-LASER-PRODUZIONE-4.jpg\" width=\"1920\" height=\"500\" title='MISANI-CARPENTERIA-TAGLIO-LASER-PRODUZIONE-4' alt='Misani - carpenteria taglio laser immagine di accessori di prodotto'  itemprop=\"thumbnailUrl\" srcset=\"https:\/\/www.misani.it\/wp-content\/uploads\/2017\/01\/MISANI-CARPENTERIA-TAGLIO-LASER-PRODUZIONE-4.jpg 1920w, https:\/\/www.misani.it\/wp-content\/uploads\/2017\/01\/MISANI-CARPENTERIA-TAGLIO-LASER-PRODUZIONE-4-300x78.jpg 300w, https:\/\/www.misani.it\/wp-content\/uploads\/2017\/01\/MISANI-CARPENTERIA-TAGLIO-LASER-PRODUZIONE-4-768x200.jpg 768w, https:\/\/www.misani.it\/wp-content\/uploads\/2017\/01\/MISANI-CARPENTERIA-TAGLIO-LASER-PRODUZIONE-4-1030x268.jpg 1030w, https:\/\/www.misani.it\/wp-content\/uploads\/2017\/01\/MISANI-CARPENTERIA-TAGLIO-LASER-PRODUZIONE-4-1500x391.jpg 1500w, https:\/\/www.misani.it\/wp-content\/uploads\/2017\/01\/MISANI-CARPENTERIA-TAGLIO-LASER-PRODUZIONE-4-705x184.jpg 705w, https:\/\/www.misani.it\/wp-content\/uploads\/2017\/01\/MISANI-CARPENTERIA-TAGLIO-LASER-PRODUZIONE-4-450x117.jpg 450w\" sizes=\"(max-width: 1920px) 100vw, 1920px\" \/><\/div><\/li><\/ul><div class='avia-slideshow-arrows avia-slideshow-controls' ><a href='#prev' class='prev-slide  avia-svg-icon avia-font-svg_entypo-fontello' data-av_svg_icon='left-open-big' data-av_iconset='svg_entypo-fontello' tabindex='-1' title=\"Pr\u00e9c\u00e9dent\"><svg version=\"1.1\" xmlns=\"http:\/\/www.w3.org\/2000\/svg\" width=\"15\" height=\"32\" viewBox=\"0 0 15 32\" preserveAspectRatio=\"xMidYMid meet\" aria-labelledby='av-svg-title-1' aria-describedby='av-svg-desc-1' role=\"graphics-symbol\" aria-hidden=\"true\">\n<title id='av-svg-title-1'>Pr\u00e9c\u00e9dent<\/title>\n<desc id='av-svg-desc-1'>Pr\u00e9c\u00e9dent<\/desc>\n<path d=\"M14.464 27.84q0.832 0.832 0 1.536-0.832 0.832-1.536 0l-12.544-12.608q-0.768-0.768 0-1.6l12.544-12.608q0.704-0.832 1.536 0 0.832 0.704 0 1.536l-11.456 11.904z\"><\/path>\n<\/svg><span class='avia_hidden_link_text'>Pr\u00e9c\u00e9dent<\/span><\/a><a href='#next' class='next-slide  avia-svg-icon avia-font-svg_entypo-fontello' data-av_svg_icon='right-open-big' data-av_iconset='svg_entypo-fontello' tabindex='-1' title=\"Suivant\"><svg version=\"1.1\" xmlns=\"http:\/\/www.w3.org\/2000\/svg\" width=\"15\" height=\"32\" viewBox=\"0 0 15 32\" preserveAspectRatio=\"xMidYMid meet\" aria-labelledby='av-svg-title-2' aria-describedby='av-svg-desc-2' role=\"graphics-symbol\" aria-hidden=\"true\">\n<title id='av-svg-title-2'>Suivant<\/title>\n<desc id='av-svg-desc-2'>Suivant<\/desc>\n<path d=\"M0.416 27.84l11.456-11.84-11.456-11.904q-0.832-0.832 0-1.536 0.832-0.832 1.536 0l12.544 12.608q0.768 0.832 0 1.6l-12.544 12.608q-0.704 0.832-1.536 0-0.832-0.704 0-1.536z\"><\/path>\n<\/svg><span class='avia_hidden_link_text'>Suivant<\/span><\/a><\/div><div class='avia-slideshow-dots avia-slideshow-controls'><a href='#1' class='goto-slide active' >1<\/a><a href='#2' class='goto-slide ' >2<\/a><a href='#3' class='goto-slide ' >3<\/a><a href='#4' class='goto-slide ' >4<\/a><a href='#5' class='goto-slide ' >5<\/a><a href='#6' class='goto-slide ' >6<\/a><a href='#7' class='goto-slide ' >7<\/a><\/div><\/div><\/div>\n\n<style type=\"text\/css\" data-created_by=\"avia_inline_auto\" id=\"style-css-av-79iy1d-ecf39e4f489575333684d7c47626aa01\">\n.avia-section.av-79iy1d-ecf39e4f489575333684d7c47626aa01{\nbackground-color:#000000;\nbackground-image:unset;\n}\n<\/style>\n<div id='av_section_1'  class='avia-section av-79iy1d-ecf39e4f489575333684d7c47626aa01 main_color avia-section-no-padding avia-no-border-styling  avia-builder-el-1  el_after_av_slideshow_full  el_before_av_one_full  avia-bg-style-scroll container_wrap fullsize'  ><div class='container av-section-cont-open' ><div class='template-page content  av-content-full alpha units'><div class='post-entry post-entry-type-page post-entry-4206'><div class='entry-content-wrapper clearfix'>\n\n<style type=\"text\/css\" data-created_by=\"avia_inline_auto\" id=\"style-css-av-62lt1d-ba47dbd67ba5e9d6cc627851f7a67660\">\n#top .av_textblock_section.av-62lt1d-ba47dbd67ba5e9d6cc627851f7a67660 .avia_textblock{\nfont-size:24px;\n}\n<\/style>\n<section  class='av_textblock_section av-62lt1d-ba47dbd67ba5e9d6cc627851f7a67660 '   itemscope=\"itemscope\" itemtype=\"https:\/\/schema.org\/CreativeWork\" ><div class='avia_textblock av_inherit_color'  itemprop=\"text\" ><p style=\"text-align: center; letter-spacing: 22px;\"><span style=\"color: #ffffff;\">QUAND LA MATI\u00c8RE <\/span><span style=\"color: #ffe200;\">PREND FORME<\/span><\/p>\n<\/div><\/section>\n<\/div><\/div><\/div><!-- close content main div --><\/div><\/div><div id='after_section_1'  class='main_color av_default_container_wrap container_wrap fullsize'  ><div class='container av-section-cont-open' ><div class='template-page content  av-content-full alpha units'><div class='post-entry post-entry-type-page post-entry-4206'><div class='entry-content-wrapper clearfix'>\n\n<style type=\"text\/css\" data-created_by=\"avia_inline_auto\" id=\"style-css-av-44ovgx-428c390c61022bcee45ddaa85733a4b0\">\n#top .flex_column.av-44ovgx-428c390c61022bcee45ddaa85733a4b0{\nmargin-top:0px;\nmargin-bottom:0px;\n}\n.flex_column.av-44ovgx-428c390c61022bcee45ddaa85733a4b0{\nborder-radius:0px 0px 0px 0px;\npadding:0px 0px 0px 0px;\n}\n.responsive #top #wrap_all .flex_column.av-44ovgx-428c390c61022bcee45ddaa85733a4b0{\nmargin-top:0px;\nmargin-bottom:0px;\n}\n<\/style>\n<div  class='flex_column av-44ovgx-428c390c61022bcee45ddaa85733a4b0 av_one_full  avia-builder-el-3  el_after_av_section  avia-builder-el-no-sibling  first flex_column_div av-zero-column-padding  '     ><section  class='av_textblock_section av-31amdd-efd9125b2b298afc060331510f2d3224 '   itemscope=\"itemscope\" itemtype=\"https:\/\/schema.org\/CreativeWork\" ><div class='avia_textblock'  itemprop=\"text\" ><h2>Menuiserie Monza Brianza<\/h2>\n<p>Notre service de menuiserie pour le compte de tiers comprend tous les types de d\u00e9coupe, de montage et de finition, pour offrir \u00e0 nos clients des produits finis avec pr\u00e9cision et pr\u00eats \u00e0 \u00eatre mont\u00e9s.<\/p>\n<p>L\u2019emplacement de l&rsquo;entreprise dans la province de Monza et de la Brianza est id\u00e9al sur le plan logistique pour les nombreuses entreprises m\u00e9caniques pr\u00e9sentes sur ce territoire.<\/p>\n<p>Contactez-nous d\u00e8s maintenant\u00a0pour un devis gratuit<\/p>\n<\/div><\/section><\/div>\n","protected":false},"excerpt":{"rendered":"","protected":false},"author":1,"featured_media":0,"parent":0,"menu_order":0,"comment_status":"closed","ping_status":"closed","template":"","meta":{"footnotes":""},"class_list":["post-4206","page","type-page","status-publish","hentry"],"yoast_head":"<!-- This site is optimized with the Yoast SEO plugin v26.0 - https:\/\/yoast.com\/wordpress\/plugins\/seo\/ -->\n<title>Carpenteria monza brianza - Carpenteria leggera per conto di terzi - Taglio lamiere Laser - F.lli Misani<\/title>\n<meta name=\"robots\" content=\"index, follow, max-snippet:-1, max-image-preview:large, max-video-preview:-1\" \/>\n<link rel=\"canonical\" href=\"https:\/\/www.misani.it\/fr\/menuiserie-monza-brianza\/\" \/>\n<meta property=\"og:locale\" content=\"fr_FR\" \/>\n<meta property=\"og:type\" content=\"article\" \/>\n<meta property=\"og:title\" content=\"Carpenteria monza brianza - Carpenteria leggera per conto di terzi - Taglio lamiere Laser - F.lli Misani\" \/>\n<meta property=\"og:url\" content=\"https:\/\/www.misani.it\/fr\/menuiserie-monza-brianza\/\" \/>\n<meta property=\"og:site_name\" content=\"Misani\" \/>\n<meta property=\"article:modified_time\" content=\"2023-03-22T15:10:18+00:00\" \/>\n<meta name=\"twitter:card\" content=\"summary_large_image\" \/>\n<meta name=\"twitter:label1\" content=\"Dur\u00e9e de lecture estim\u00e9e\" \/>\n\t<meta name=\"twitter:data1\" content=\"3 minutes\" \/>\n<script type=\"application\/ld+json\" class=\"yoast-schema-graph\">{\"@context\":\"https:\/\/schema.org\",\"@graph\":[{\"@type\":\"WebPage\",\"@id\":\"https:\/\/www.misani.it\/fr\/menuiserie-monza-brianza\/\",\"url\":\"https:\/\/www.misani.it\/fr\/menuiserie-monza-brianza\/\",\"name\":\"Carpenteria monza brianza - Carpenteria leggera per conto di terzi - Taglio lamiere Laser - F.lli Misani\",\"isPartOf\":{\"@id\":\"https:\/\/www.misani.it\/#website\"},\"datePublished\":\"2017-01-23T16:24:19+00:00\",\"dateModified\":\"2023-03-22T15:10:18+00:00\",\"breadcrumb\":{\"@id\":\"https:\/\/www.misani.it\/fr\/menuiserie-monza-brianza\/#breadcrumb\"},\"inLanguage\":\"fr-FR\",\"potentialAction\":[{\"@type\":\"ReadAction\",\"target\":[\"https:\/\/www.misani.it\/fr\/menuiserie-monza-brianza\/\"]}]},{\"@type\":\"BreadcrumbList\",\"@id\":\"https:\/\/www.misani.it\/fr\/menuiserie-monza-brianza\/#breadcrumb\",\"itemListElement\":[{\"@type\":\"ListItem\",\"position\":1,\"name\":\"Home\",\"item\":\"https:\/\/www.misani.it\/fr\/\"},{\"@type\":\"ListItem\",\"position\":2,\"name\":\"Menuiserie Monza Brianza\"}]},{\"@type\":\"WebSite\",\"@id\":\"https:\/\/www.misani.it\/#website\",\"url\":\"https:\/\/www.misani.it\/\",\"name\":\"Misani\",\"description\":\"F.lli Misani - Carpenteria leggera per conto di terzi - Taglio lamiere Laser - Lavorazione Lamiera\",\"potentialAction\":[{\"@type\":\"SearchAction\",\"target\":{\"@type\":\"EntryPoint\",\"urlTemplate\":\"https:\/\/www.misani.it\/?s={search_term_string}\"},\"query-input\":{\"@type\":\"PropertyValueSpecification\",\"valueRequired\":true,\"valueName\":\"search_term_string\"}}],\"inLanguage\":\"fr-FR\"}]}<\/script>\n<!-- \/ Yoast SEO plugin. -->","yoast_head_json":{"title":"Carpenteria monza brianza - Carpenteria leggera per conto di terzi - Taglio lamiere Laser - F.lli Misani","robots":{"index":"index","follow":"follow","max-snippet":"max-snippet:-1","max-image-preview":"max-image-preview:large","max-video-preview":"max-video-preview:-1"},"canonical":"https:\/\/www.misani.it\/fr\/menuiserie-monza-brianza\/","og_locale":"fr_FR","og_type":"article","og_title":"Carpenteria monza brianza - Carpenteria leggera per conto di terzi - Taglio lamiere Laser - F.lli Misani","og_url":"https:\/\/www.misani.it\/fr\/menuiserie-monza-brianza\/","og_site_name":"Misani","article_modified_time":"2023-03-22T15:10:18+00:00","twitter_card":"summary_large_image","twitter_misc":{"Dur\u00e9e de lecture estim\u00e9e":"3 minutes"},"schema":{"@context":"https:\/\/schema.org","@graph":[{"@type":"WebPage","@id":"https:\/\/www.misani.it\/fr\/menuiserie-monza-brianza\/","url":"https:\/\/www.misani.it\/fr\/menuiserie-monza-brianza\/","name":"Carpenteria monza brianza - Carpenteria leggera per conto di terzi - Taglio lamiere Laser - F.lli Misani","isPartOf":{"@id":"https:\/\/www.misani.it\/#website"},"datePublished":"2017-01-23T16:24:19+00:00","dateModified":"2023-03-22T15:10:18+00:00","breadcrumb":{"@id":"https:\/\/www.misani.it\/fr\/menuiserie-monza-brianza\/#breadcrumb"},"inLanguage":"fr-FR","potentialAction":[{"@type":"ReadAction","target":["https:\/\/www.misani.it\/fr\/menuiserie-monza-brianza\/"]}]},{"@type":"BreadcrumbList","@id":"https:\/\/www.misani.it\/fr\/menuiserie-monza-brianza\/#breadcrumb","itemListElement":[{"@type":"ListItem","position":1,"name":"Home","item":"https:\/\/www.misani.it\/fr\/"},{"@type":"ListItem","position":2,"name":"Menuiserie Monza Brianza"}]},{"@type":"WebSite","@id":"https:\/\/www.misani.it\/#website","url":"https:\/\/www.misani.it\/","name":"Misani","description":"F.lli Misani - Carpenteria leggera per conto di terzi - Taglio lamiere Laser - Lavorazione Lamiera","potentialAction":[{"@type":"SearchAction","target":{"@type":"EntryPoint","urlTemplate":"https:\/\/www.misani.it\/?s={search_term_string}"},"query-input":{"@type":"PropertyValueSpecification","valueRequired":true,"valueName":"search_term_string"}}],"inLanguage":"fr-FR"}]}},"_links":{"self":[{"href":"https:\/\/www.misani.it\/fr\/wp-json\/wp\/v2\/pages\/4206","targetHints":{"allow":["GET"]}}],"collection":[{"href":"https:\/\/www.misani.it\/fr\/wp-json\/wp\/v2\/pages"}],"about":[{"href":"https:\/\/www.misani.it\/fr\/wp-json\/wp\/v2\/types\/page"}],"author":[{"embeddable":true,"href":"https:\/\/www.misani.it\/fr\/wp-json\/wp\/v2\/users\/1"}],"replies":[{"embeddable":true,"href":"https:\/\/www.misani.it\/fr\/wp-json\/wp\/v2\/comments?post=4206"}],"version-history":[{"count":3,"href":"https:\/\/www.misani.it\/fr\/wp-json\/wp\/v2\/pages\/4206\/revisions"}],"predecessor-version":[{"id":4334,"href":"https:\/\/www.misani.it\/fr\/wp-json\/wp\/v2\/pages\/4206\/revisions\/4334"}],"wp:attachment":[{"href":"https:\/\/www.misani.it\/fr\/wp-json\/wp\/v2\/media?parent=4206"}],"curies":[{"name":"wp","href":"https:\/\/api.w.org\/{rel}","templated":true}]}}