{"id":4208,"date":"2017-01-23T17:22:56","date_gmt":"2017-01-23T16:22:56","guid":{"rendered":"https:\/\/www.misani.it\/carpenterie-inox\/"},"modified":"2023-03-22T16:00:30","modified_gmt":"2023-03-22T15:00:30","slug":"menuiseries-en-acier-inoxydable","status":"publish","type":"page","link":"https:\/\/www.misani.it\/fr\/menuiseries-en-acier-inoxydable\/","title":{"rendered":"Menuiseries en acier inoxydable"},"content":{"rendered":"<div id='full_slider_1'  class='avia-fullwidth-slider main_color avia-shadow   avia-builder-el-0  el_before_av_section  avia-builder-el-first   container_wrap fullsize'  ><div  class='avia-slideshow av-kjbazx-baf43cf6181e46129959e0b2b02c9f1f avia-slideshow-no scaling av_slideshow_full avia-fade-slider av-slideshow-ui av-control-minimal av-slideshow-autoplay av-loop-endless av-loop-manual-endless av-default-height-applied   avia-slideshow-1' data-slideshow-options=\"{&quot;animation&quot;:&quot;fade&quot;,&quot;autoplay&quot;:true,&quot;loop_autoplay&quot;:&quot;endless&quot;,&quot;interval&quot;:5,&quot;loop_manual&quot;:&quot;manual-endless&quot;,&quot;autoplay_stopper&quot;:false,&quot;noNavigation&quot;:false,&quot;bg_slider&quot;:false,&quot;keep_padding&quot;:false,&quot;hoverpause&quot;:false,&quot;show_slide_delay&quot;:0}\"  itemprop=\"image\" itemscope=\"itemscope\" itemtype=\"https:\/\/schema.org\/ImageObject\" ><ul class='avia-slideshow-inner ' style='padding-bottom: 26.041666666667%;'><li  class='avia-slideshow-slide av-kjbazx-baf43cf6181e46129959e0b2b02c9f1f__0  slide-1 slide-odd'><div data-rel='slideshow-1' class='avia-slide-wrap '  title='Misani - carpenteria taglio laser immagine di accessori di prodotto' ><img decoding=\"async\" fetchpriority=\"high\" class=\"wp-image-4179 avia-img-lazy-loading-not-4179\"  src=\"https:\/\/www.misani.it\/wp-content\/uploads\/2017\/01\/MISANI-CARPENTERIA-TAGLIO-LASER-PRODUZIONE-5.jpg\" width=\"1920\" height=\"500\" title='MISANI-CARPENTERIA-TAGLIO-LASER-PRODUZIONE-5' alt='Misani - carpenteria taglio laser immagine di accessori di prodotto'  itemprop=\"thumbnailUrl\" srcset=\"https:\/\/www.misani.it\/wp-content\/uploads\/2017\/01\/MISANI-CARPENTERIA-TAGLIO-LASER-PRODUZIONE-5.jpg 1920w, https:\/\/www.misani.it\/wp-content\/uploads\/2017\/01\/MISANI-CARPENTERIA-TAGLIO-LASER-PRODUZIONE-5-300x78.jpg 300w, https:\/\/www.misani.it\/wp-content\/uploads\/2017\/01\/MISANI-CARPENTERIA-TAGLIO-LASER-PRODUZIONE-5-768x200.jpg 768w, https:\/\/www.misani.it\/wp-content\/uploads\/2017\/01\/MISANI-CARPENTERIA-TAGLIO-LASER-PRODUZIONE-5-1030x268.jpg 1030w, https:\/\/www.misani.it\/wp-content\/uploads\/2017\/01\/MISANI-CARPENTERIA-TAGLIO-LASER-PRODUZIONE-5-1500x391.jpg 1500w, https:\/\/www.misani.it\/wp-content\/uploads\/2017\/01\/MISANI-CARPENTERIA-TAGLIO-LASER-PRODUZIONE-5-705x184.jpg 705w, https:\/\/www.misani.it\/wp-content\/uploads\/2017\/01\/MISANI-CARPENTERIA-TAGLIO-LASER-PRODUZIONE-5-450x117.jpg 450w\" sizes=\"(max-width: 1920px) 100vw, 1920px\" \/><\/div><\/li><li  class='avia-slideshow-slide av-kjbazx-baf43cf6181e46129959e0b2b02c9f1f__1  slide-2 slide-even'><div data-rel='slideshow-1' class='avia-slide-wrap '  title='Misani - carpenteria taglio laser immagine di prodotto' ><img decoding=\"async\" fetchpriority=\"high\" class=\"wp-image-4173 avia-img-lazy-loading-not-4173\"  src=\"https:\/\/www.misani.it\/wp-content\/uploads\/2017\/01\/MISANI-CARPENTERIA-TAGLIO-LASER-PRODUZIONE-6.jpg\" width=\"1920\" height=\"500\" title='MISANI-CARPENTERIA-TAGLIO-LASER-PRODUZIONE-6' alt='Misani - carpenteria taglio laser immagine di prodotto'  itemprop=\"thumbnailUrl\" srcset=\"https:\/\/www.misani.it\/wp-content\/uploads\/2017\/01\/MISANI-CARPENTERIA-TAGLIO-LASER-PRODUZIONE-6.jpg 1920w, https:\/\/www.misani.it\/wp-content\/uploads\/2017\/01\/MISANI-CARPENTERIA-TAGLIO-LASER-PRODUZIONE-6-300x78.jpg 300w, https:\/\/www.misani.it\/wp-content\/uploads\/2017\/01\/MISANI-CARPENTERIA-TAGLIO-LASER-PRODUZIONE-6-768x200.jpg 768w, https:\/\/www.misani.it\/wp-content\/uploads\/2017\/01\/MISANI-CARPENTERIA-TAGLIO-LASER-PRODUZIONE-6-1030x268.jpg 1030w, https:\/\/www.misani.it\/wp-content\/uploads\/2017\/01\/MISANI-CARPENTERIA-TAGLIO-LASER-PRODUZIONE-6-1500x391.jpg 1500w, https:\/\/www.misani.it\/wp-content\/uploads\/2017\/01\/MISANI-CARPENTERIA-TAGLIO-LASER-PRODUZIONE-6-705x184.jpg 705w, https:\/\/www.misani.it\/wp-content\/uploads\/2017\/01\/MISANI-CARPENTERIA-TAGLIO-LASER-PRODUZIONE-6-450x117.jpg 450w\" sizes=\"(max-width: 1920px) 100vw, 1920px\" \/><\/div><\/li><li  class='avia-slideshow-slide av-kjbazx-baf43cf6181e46129959e0b2b02c9f1f__2  slide-3 slide-odd'><div data-rel='slideshow-1' class='avia-slide-wrap '  title='Misani - carpenteria taglio laser immagine di prodotto' ><img decoding=\"async\" fetchpriority=\"high\" class=\"wp-image-4174 avia-img-lazy-loading-not-4174\"  src=\"https:\/\/www.misani.it\/wp-content\/uploads\/2017\/01\/MISANI-CARPENTERIA-TAGLIO-LASER-PRODUZIONE-7.jpg\" width=\"1920\" height=\"500\" title='MISANI-CARPENTERIA-TAGLIO-LASER-PRODUZIONE-7' alt='Misani - carpenteria taglio laser immagine di prodotto'  itemprop=\"thumbnailUrl\" srcset=\"https:\/\/www.misani.it\/wp-content\/uploads\/2017\/01\/MISANI-CARPENTERIA-TAGLIO-LASER-PRODUZIONE-7.jpg 1920w, https:\/\/www.misani.it\/wp-content\/uploads\/2017\/01\/MISANI-CARPENTERIA-TAGLIO-LASER-PRODUZIONE-7-300x78.jpg 300w, https:\/\/www.misani.it\/wp-content\/uploads\/2017\/01\/MISANI-CARPENTERIA-TAGLIO-LASER-PRODUZIONE-7-768x200.jpg 768w, https:\/\/www.misani.it\/wp-content\/uploads\/2017\/01\/MISANI-CARPENTERIA-TAGLIO-LASER-PRODUZIONE-7-1030x268.jpg 1030w, https:\/\/www.misani.it\/wp-content\/uploads\/2017\/01\/MISANI-CARPENTERIA-TAGLIO-LASER-PRODUZIONE-7-1500x391.jpg 1500w, https:\/\/www.misani.it\/wp-content\/uploads\/2017\/01\/MISANI-CARPENTERIA-TAGLIO-LASER-PRODUZIONE-7-705x184.jpg 705w, https:\/\/www.misani.it\/wp-content\/uploads\/2017\/01\/MISANI-CARPENTERIA-TAGLIO-LASER-PRODUZIONE-7-450x117.jpg 450w\" sizes=\"(max-width: 1920px) 100vw, 1920px\" \/><\/div><\/li><li  class='avia-slideshow-slide av-kjbazx-baf43cf6181e46129959e0b2b02c9f1f__3  slide-4 slide-even'><div data-rel='slideshow-1' class='avia-slide-wrap '  title='Misani - carpenteria taglio laser immagine di prodotto' ><img decoding=\"async\" fetchpriority=\"high\" class=\"wp-image-4175 avia-img-lazy-loading-not-4175\"  src=\"https:\/\/www.misani.it\/wp-content\/uploads\/2017\/01\/MISANI-CARPENTERIA-TAGLIO-LASER-PRODUZIONE-1.jpg\" width=\"1920\" height=\"500\" title='MISANI-CARPENTERIA-TAGLIO-LASER-PRODUZIONE-1' alt='Misani - carpenteria taglio laser immagine di prodotto'  itemprop=\"thumbnailUrl\" srcset=\"https:\/\/www.misani.it\/wp-content\/uploads\/2017\/01\/MISANI-CARPENTERIA-TAGLIO-LASER-PRODUZIONE-1.jpg 1920w, https:\/\/www.misani.it\/wp-content\/uploads\/2017\/01\/MISANI-CARPENTERIA-TAGLIO-LASER-PRODUZIONE-1-300x78.jpg 300w, https:\/\/www.misani.it\/wp-content\/uploads\/2017\/01\/MISANI-CARPENTERIA-TAGLIO-LASER-PRODUZIONE-1-768x200.jpg 768w, https:\/\/www.misani.it\/wp-content\/uploads\/2017\/01\/MISANI-CARPENTERIA-TAGLIO-LASER-PRODUZIONE-1-1030x268.jpg 1030w, https:\/\/www.misani.it\/wp-content\/uploads\/2017\/01\/MISANI-CARPENTERIA-TAGLIO-LASER-PRODUZIONE-1-1500x391.jpg 1500w, https:\/\/www.misani.it\/wp-content\/uploads\/2017\/01\/MISANI-CARPENTERIA-TAGLIO-LASER-PRODUZIONE-1-705x184.jpg 705w, https:\/\/www.misani.it\/wp-content\/uploads\/2017\/01\/MISANI-CARPENTERIA-TAGLIO-LASER-PRODUZIONE-1-450x117.jpg 450w\" sizes=\"(max-width: 1920px) 100vw, 1920px\" \/><\/div><\/li><li  class='avia-slideshow-slide av-kjbazx-baf43cf6181e46129959e0b2b02c9f1f__4  slide-5 slide-odd'><div data-rel='slideshow-1' class='avia-slide-wrap '  title='Misani - carpenteria taglio laser immagine di prodotto' ><img decoding=\"async\" fetchpriority=\"high\" class=\"wp-image-4176 avia-img-lazy-loading-not-4176\"  src=\"https:\/\/www.misani.it\/wp-content\/uploads\/2017\/01\/MISANI-CARPENTERIA-TAGLIO-LASER-PRODUZIONE-2.jpg\" width=\"1920\" height=\"500\" title='MISANI-CARPENTERIA-TAGLIO-LASER-PRODUZIONE-2' alt='Misani - carpenteria taglio laser immagine di prodotto'  itemprop=\"thumbnailUrl\" srcset=\"https:\/\/www.misani.it\/wp-content\/uploads\/2017\/01\/MISANI-CARPENTERIA-TAGLIO-LASER-PRODUZIONE-2.jpg 1920w, https:\/\/www.misani.it\/wp-content\/uploads\/2017\/01\/MISANI-CARPENTERIA-TAGLIO-LASER-PRODUZIONE-2-300x78.jpg 300w, https:\/\/www.misani.it\/wp-content\/uploads\/2017\/01\/MISANI-CARPENTERIA-TAGLIO-LASER-PRODUZIONE-2-768x200.jpg 768w, https:\/\/www.misani.it\/wp-content\/uploads\/2017\/01\/MISANI-CARPENTERIA-TAGLIO-LASER-PRODUZIONE-2-1030x268.jpg 1030w, https:\/\/www.misani.it\/wp-content\/uploads\/2017\/01\/MISANI-CARPENTERIA-TAGLIO-LASER-PRODUZIONE-2-1500x391.jpg 1500w, https:\/\/www.misani.it\/wp-content\/uploads\/2017\/01\/MISANI-CARPENTERIA-TAGLIO-LASER-PRODUZIONE-2-705x184.jpg 705w, https:\/\/www.misani.it\/wp-content\/uploads\/2017\/01\/MISANI-CARPENTERIA-TAGLIO-LASER-PRODUZIONE-2-450x117.jpg 450w\" sizes=\"(max-width: 1920px) 100vw, 1920px\" \/><\/div><\/li><li  class='avia-slideshow-slide av-kjbazx-baf43cf6181e46129959e0b2b02c9f1f__5  slide-6 slide-even'><div data-rel='slideshow-1' class='avia-slide-wrap '  title='Misani - carpenteria taglio laser immagine di prodotto' ><img decoding=\"async\" fetchpriority=\"high\" class=\"wp-image-4177 avia-img-lazy-loading-not-4177\"  src=\"https:\/\/www.misani.it\/wp-content\/uploads\/2017\/01\/MISANI-CARPENTERIA-TAGLIO-LASER-PRODUZIONE-3.jpg\" width=\"1920\" height=\"500\" title='MISANI-CARPENTERIA-TAGLIO-LASER-PRODUZIONE-3' alt='Misani - carpenteria taglio laser immagine di prodotto'  itemprop=\"thumbnailUrl\" srcset=\"https:\/\/www.misani.it\/wp-content\/uploads\/2017\/01\/MISANI-CARPENTERIA-TAGLIO-LASER-PRODUZIONE-3.jpg 1920w, https:\/\/www.misani.it\/wp-content\/uploads\/2017\/01\/MISANI-CARPENTERIA-TAGLIO-LASER-PRODUZIONE-3-300x78.jpg 300w, https:\/\/www.misani.it\/wp-content\/uploads\/2017\/01\/MISANI-CARPENTERIA-TAGLIO-LASER-PRODUZIONE-3-768x200.jpg 768w, https:\/\/www.misani.it\/wp-content\/uploads\/2017\/01\/MISANI-CARPENTERIA-TAGLIO-LASER-PRODUZIONE-3-1030x268.jpg 1030w, https:\/\/www.misani.it\/wp-content\/uploads\/2017\/01\/MISANI-CARPENTERIA-TAGLIO-LASER-PRODUZIONE-3-1500x391.jpg 1500w, https:\/\/www.misani.it\/wp-content\/uploads\/2017\/01\/MISANI-CARPENTERIA-TAGLIO-LASER-PRODUZIONE-3-705x184.jpg 705w, https:\/\/www.misani.it\/wp-content\/uploads\/2017\/01\/MISANI-CARPENTERIA-TAGLIO-LASER-PRODUZIONE-3-450x117.jpg 450w\" sizes=\"(max-width: 1920px) 100vw, 1920px\" \/><\/div><\/li><li  class='avia-slideshow-slide av-kjbazx-baf43cf6181e46129959e0b2b02c9f1f__6  slide-7 slide-odd'><div data-rel='slideshow-1' class='avia-slide-wrap '  title='Misani - carpenteria taglio laser immagine di accessori di prodotto' ><img decoding=\"async\" fetchpriority=\"high\" class=\"wp-image-4178 avia-img-lazy-loading-not-4178\"  src=\"https:\/\/www.misani.it\/wp-content\/uploads\/2017\/01\/MISANI-CARPENTERIA-TAGLIO-LASER-PRODUZIONE-4.jpg\" width=\"1920\" height=\"500\" title='MISANI-CARPENTERIA-TAGLIO-LASER-PRODUZIONE-4' alt='Misani - carpenteria taglio laser immagine di accessori di prodotto'  itemprop=\"thumbnailUrl\" srcset=\"https:\/\/www.misani.it\/wp-content\/uploads\/2017\/01\/MISANI-CARPENTERIA-TAGLIO-LASER-PRODUZIONE-4.jpg 1920w, https:\/\/www.misani.it\/wp-content\/uploads\/2017\/01\/MISANI-CARPENTERIA-TAGLIO-LASER-PRODUZIONE-4-300x78.jpg 300w, https:\/\/www.misani.it\/wp-content\/uploads\/2017\/01\/MISANI-CARPENTERIA-TAGLIO-LASER-PRODUZIONE-4-768x200.jpg 768w, https:\/\/www.misani.it\/wp-content\/uploads\/2017\/01\/MISANI-CARPENTERIA-TAGLIO-LASER-PRODUZIONE-4-1030x268.jpg 1030w, https:\/\/www.misani.it\/wp-content\/uploads\/2017\/01\/MISANI-CARPENTERIA-TAGLIO-LASER-PRODUZIONE-4-1500x391.jpg 1500w, https:\/\/www.misani.it\/wp-content\/uploads\/2017\/01\/MISANI-CARPENTERIA-TAGLIO-LASER-PRODUZIONE-4-705x184.jpg 705w, https:\/\/www.misani.it\/wp-content\/uploads\/2017\/01\/MISANI-CARPENTERIA-TAGLIO-LASER-PRODUZIONE-4-450x117.jpg 450w\" sizes=\"(max-width: 1920px) 100vw, 1920px\" \/><\/div><\/li><\/ul><div class='avia-slideshow-arrows avia-slideshow-controls' ><a href='#prev' class='prev-slide  avia-svg-icon avia-font-svg_entypo-fontello' data-av_svg_icon='left-open-big' data-av_iconset='svg_entypo-fontello' tabindex='-1' title=\"Pr\u00e9c\u00e9dent\"><svg version=\"1.1\" xmlns=\"http:\/\/www.w3.org\/2000\/svg\" width=\"15\" height=\"32\" viewBox=\"0 0 15 32\" preserveAspectRatio=\"xMidYMid meet\" aria-labelledby='av-svg-title-1' aria-describedby='av-svg-desc-1' role=\"graphics-symbol\" aria-hidden=\"true\">\n<title id='av-svg-title-1'>Pr\u00e9c\u00e9dent<\/title>\n<desc id='av-svg-desc-1'>Pr\u00e9c\u00e9dent<\/desc>\n<path d=\"M14.464 27.84q0.832 0.832 0 1.536-0.832 0.832-1.536 0l-12.544-12.608q-0.768-0.768 0-1.6l12.544-12.608q0.704-0.832 1.536 0 0.832 0.704 0 1.536l-11.456 11.904z\"><\/path>\n<\/svg><span class='avia_hidden_link_text'>Pr\u00e9c\u00e9dent<\/span><\/a><a href='#next' class='next-slide  avia-svg-icon avia-font-svg_entypo-fontello' data-av_svg_icon='right-open-big' data-av_iconset='svg_entypo-fontello' tabindex='-1' title=\"Suivant\"><svg version=\"1.1\" xmlns=\"http:\/\/www.w3.org\/2000\/svg\" width=\"15\" height=\"32\" viewBox=\"0 0 15 32\" preserveAspectRatio=\"xMidYMid meet\" aria-labelledby='av-svg-title-2' aria-describedby='av-svg-desc-2' role=\"graphics-symbol\" aria-hidden=\"true\">\n<title id='av-svg-title-2'>Suivant<\/title>\n<desc id='av-svg-desc-2'>Suivant<\/desc>\n<path d=\"M0.416 27.84l11.456-11.84-11.456-11.904q-0.832-0.832 0-1.536 0.832-0.832 1.536 0l12.544 12.608q0.768 0.832 0 1.6l-12.544 12.608q-0.704 0.832-1.536 0-0.832-0.704 0-1.536z\"><\/path>\n<\/svg><span class='avia_hidden_link_text'>Suivant<\/span><\/a><\/div><div class='avia-slideshow-dots avia-slideshow-controls'><a href='#1' class='goto-slide active' >1<\/a><a href='#2' class='goto-slide ' >2<\/a><a href='#3' class='goto-slide ' >3<\/a><a href='#4' class='goto-slide ' >4<\/a><a href='#5' class='goto-slide ' >5<\/a><a href='#6' class='goto-slide ' >6<\/a><a href='#7' class='goto-slide ' >7<\/a><\/div><\/div><\/div>\n\n<style type=\"text\/css\" data-created_by=\"avia_inline_auto\" id=\"style-css-av-7x4kgd-9d15d0a24b31111f4b510e6761c07c77\">\n.avia-section.av-7x4kgd-9d15d0a24b31111f4b510e6761c07c77{\nbackground-color:#000000;\nbackground-image:unset;\n}\n<\/style>\n<div id='av_section_1'  class='avia-section av-7x4kgd-9d15d0a24b31111f4b510e6761c07c77 main_color avia-section-no-padding avia-no-border-styling  avia-builder-el-1  el_after_av_slideshow_full  el_before_av_one_full  avia-bg-style-scroll container_wrap fullsize'  ><div class='container av-section-cont-open' ><div class='template-page content  av-content-full alpha units'><div class='post-entry post-entry-type-page post-entry-4208'><div class='entry-content-wrapper clearfix'>\n\n<style type=\"text\/css\" data-created_by=\"avia_inline_auto\" id=\"style-css-av-573z4t-e613cfe27b361f692de25056568b0d88\">\n#top .av_textblock_section.av-573z4t-e613cfe27b361f692de25056568b0d88 .avia_textblock{\nfont-size:24px;\n}\n<\/style>\n<section  class='av_textblock_section av-573z4t-e613cfe27b361f692de25056568b0d88 '   itemscope=\"itemscope\" itemtype=\"https:\/\/schema.org\/CreativeWork\" ><div class='avia_textblock av_inherit_color'  itemprop=\"text\" ><p style=\"text-align: center; letter-spacing: 22px;\"><span style=\"color: #ffffff;\">QUAND LA MATI\u00c8RE <\/span><span style=\"color: #ffe200;\">PREND FORME<\/span><\/p>\n<\/div><\/section>\n<\/div><\/div><\/div><!-- close content main div --><\/div><\/div><div id='after_section_1'  class='main_color av_default_container_wrap container_wrap fullsize'  ><div class='container av-section-cont-open' ><div class='template-page content  av-content-full alpha units'><div class='post-entry post-entry-type-page post-entry-4208'><div class='entry-content-wrapper clearfix'>\n<style type=\"text\/css\" data-created_by=\"avia_inline_auto\" id=\"style-css-av-3ytbq5-6940bdc43f855b196e02732853e2ccaf\">\n#top .flex_column.av-3ytbq5-6940bdc43f855b196e02732853e2ccaf{\nmargin-top:0px;\nmargin-bottom:0px;\n}\n.flex_column.av-3ytbq5-6940bdc43f855b196e02732853e2ccaf{\nborder-radius:0px 0px 0px 0px;\npadding:0px 0px 0px 0px;\n}\n.responsive #top #wrap_all .flex_column.av-3ytbq5-6940bdc43f855b196e02732853e2ccaf{\nmargin-top:0px;\nmargin-bottom:0px;\n}\n<\/style>\n<div  class='flex_column av-3ytbq5-6940bdc43f855b196e02732853e2ccaf av_one_full  avia-builder-el-3  el_after_av_section  avia-builder-el-no-sibling  first flex_column_div av-zero-column-padding  '     ><section  class='av_textblock_section av-2mzczh-f8f767fa327f1033eb63294a942d270b '   itemscope=\"itemscope\" itemtype=\"https:\/\/schema.org\/CreativeWork\" ><div class='avia_textblock'  itemprop=\"text\" ><h1>Menuiseries en acier inoxydable<\/h1>\n<p>Le mot \u00ab\u00a0inox\u00a0\u00bb vient de \u00ab\u00a0inoxydable\u00a0\u00bb. Les aciers inox, \u00e9galement appel\u00e9s aciers inoxydables, sont des alliages \u00e0 base de fer qui renferment les propri\u00e9t\u00e9s m\u00e9caniques de l&rsquo;acier inoxydable avec une r\u00e9sistance \u00e9lev\u00e9e \u00e0 la rouille.<\/p>\n<p>La capacit\u00e9 de r\u00e9sistance \u00e0 la corrosion de l&rsquo;air et des liquides est donn\u00e9e par les \u00e9l\u00e9ments m\u00e9talliques de l&rsquo;alliage, en premier lieu le chrome, capable de se passiver, c&rsquo;est-\u00e0-dire de se couvrir d&rsquo;une couche d&rsquo;oxydes invisibles, d&rsquo;une \u00e9paisseur de quelques couches atomiques (3-5\u00a0\u00d7\u00a010-7\u00a0mm), capables de prot\u00e9ger le m\u00e9tal sous-jacent des agents chimiques externes (source\u00a0: Wikipedia).<\/p>\n<p>Depuis plus de trente ans, Fratelli Misani est un fournisseur qualifi\u00e9 pour les menuiseries en acier inoxydable et la d\u00e9coupe laser des t\u00f4les m\u00e9talliques.<\/p>\n<p>L\u2019ex\u00e9cution des commandes pour l&rsquo;usinage de l&rsquo;acier inoxydable s&rsquo;effectue avec une conception int\u00e9grale ou propre au client, en proposant les solutions les plus correctes et les plus pratiques, tant du point de vue technique-fonctionnel qu&rsquo;\u00e9conomique. Nos syst\u00e8mes de gestion des menuiseries en acier inoxydable informatis\u00e9s garantissent des productions r\u00e9alis\u00e9es avec une pr\u00e9cision s\u00fbre dans les moindres d\u00e9tails de construction pour les composants en acier inoxydable, les tuyaux et les r\u00e9servoirs en acier inoxydable et de nombreuses autres constructions de menuiserie.<\/p>\n<p>Contactez-nous d\u00e8s maintenant\u00a0pour un devis gratuit pour vos menuiseries en acier inoxydable.<\/p>\n<\/div><\/section><\/div><\/p>\n","protected":false},"excerpt":{"rendered":"","protected":false},"author":1,"featured_media":0,"parent":0,"menu_order":0,"comment_status":"closed","ping_status":"closed","template":"","meta":{"footnotes":""},"class_list":["post-4208","page","type-page","status-publish","hentry"],"yoast_head":"<!-- This site is optimized with the Yoast SEO plugin v26.0 - https:\/\/yoast.com\/wordpress\/plugins\/seo\/ -->\n<title>Carpenterie inox - Carpenteria leggera per conto di terzi - Taglio lamiere Laser - F.lli Misani<\/title>\n<meta name=\"robots\" content=\"index, follow, max-snippet:-1, max-image-preview:large, max-video-preview:-1\" \/>\n<link rel=\"canonical\" href=\"https:\/\/www.misani.it\/fr\/menuiseries-en-acier-inoxydable\/\" \/>\n<meta property=\"og:locale\" content=\"fr_FR\" \/>\n<meta property=\"og:type\" content=\"article\" \/>\n<meta property=\"og:title\" content=\"Carpenterie inox - Carpenteria leggera per conto di terzi - Taglio lamiere Laser - F.lli Misani\" \/>\n<meta property=\"og:url\" content=\"https:\/\/www.misani.it\/fr\/menuiseries-en-acier-inoxydable\/\" \/>\n<meta property=\"og:site_name\" content=\"Misani\" \/>\n<meta property=\"article:modified_time\" content=\"2023-03-22T15:00:30+00:00\" \/>\n<meta name=\"twitter:card\" content=\"summary_large_image\" \/>\n<meta name=\"twitter:label1\" content=\"Dur\u00e9e de lecture estim\u00e9e\" \/>\n\t<meta name=\"twitter:data1\" content=\"3 minutes\" \/>\n<script type=\"application\/ld+json\" class=\"yoast-schema-graph\">{\"@context\":\"https:\/\/schema.org\",\"@graph\":[{\"@type\":\"WebPage\",\"@id\":\"https:\/\/www.misani.it\/fr\/menuiseries-en-acier-inoxydable\/\",\"url\":\"https:\/\/www.misani.it\/fr\/menuiseries-en-acier-inoxydable\/\",\"name\":\"Carpenterie inox - Carpenteria leggera per conto di terzi - Taglio lamiere Laser - F.lli Misani\",\"isPartOf\":{\"@id\":\"https:\/\/www.misani.it\/#website\"},\"datePublished\":\"2017-01-23T16:22:56+00:00\",\"dateModified\":\"2023-03-22T15:00:30+00:00\",\"breadcrumb\":{\"@id\":\"https:\/\/www.misani.it\/fr\/menuiseries-en-acier-inoxydable\/#breadcrumb\"},\"inLanguage\":\"fr-FR\",\"potentialAction\":[{\"@type\":\"ReadAction\",\"target\":[\"https:\/\/www.misani.it\/fr\/menuiseries-en-acier-inoxydable\/\"]}]},{\"@type\":\"BreadcrumbList\",\"@id\":\"https:\/\/www.misani.it\/fr\/menuiseries-en-acier-inoxydable\/#breadcrumb\",\"itemListElement\":[{\"@type\":\"ListItem\",\"position\":1,\"name\":\"Home\",\"item\":\"https:\/\/www.misani.it\/fr\/\"},{\"@type\":\"ListItem\",\"position\":2,\"name\":\"Menuiseries en acier inoxydable\"}]},{\"@type\":\"WebSite\",\"@id\":\"https:\/\/www.misani.it\/#website\",\"url\":\"https:\/\/www.misani.it\/\",\"name\":\"Misani\",\"description\":\"F.lli Misani - Carpenteria leggera per conto di terzi - Taglio lamiere Laser - Lavorazione Lamiera\",\"potentialAction\":[{\"@type\":\"SearchAction\",\"target\":{\"@type\":\"EntryPoint\",\"urlTemplate\":\"https:\/\/www.misani.it\/?s={search_term_string}\"},\"query-input\":{\"@type\":\"PropertyValueSpecification\",\"valueRequired\":true,\"valueName\":\"search_term_string\"}}],\"inLanguage\":\"fr-FR\"}]}<\/script>\n<!-- \/ Yoast SEO plugin. -->","yoast_head_json":{"title":"Carpenterie inox - Carpenteria leggera per conto di terzi - Taglio lamiere Laser - F.lli Misani","robots":{"index":"index","follow":"follow","max-snippet":"max-snippet:-1","max-image-preview":"max-image-preview:large","max-video-preview":"max-video-preview:-1"},"canonical":"https:\/\/www.misani.it\/fr\/menuiseries-en-acier-inoxydable\/","og_locale":"fr_FR","og_type":"article","og_title":"Carpenterie inox - Carpenteria leggera per conto di terzi - Taglio lamiere Laser - F.lli Misani","og_url":"https:\/\/www.misani.it\/fr\/menuiseries-en-acier-inoxydable\/","og_site_name":"Misani","article_modified_time":"2023-03-22T15:00:30+00:00","twitter_card":"summary_large_image","twitter_misc":{"Dur\u00e9e de lecture estim\u00e9e":"3 minutes"},"schema":{"@context":"https:\/\/schema.org","@graph":[{"@type":"WebPage","@id":"https:\/\/www.misani.it\/fr\/menuiseries-en-acier-inoxydable\/","url":"https:\/\/www.misani.it\/fr\/menuiseries-en-acier-inoxydable\/","name":"Carpenterie inox - Carpenteria leggera per conto di terzi - Taglio lamiere Laser - F.lli Misani","isPartOf":{"@id":"https:\/\/www.misani.it\/#website"},"datePublished":"2017-01-23T16:22:56+00:00","dateModified":"2023-03-22T15:00:30+00:00","breadcrumb":{"@id":"https:\/\/www.misani.it\/fr\/menuiseries-en-acier-inoxydable\/#breadcrumb"},"inLanguage":"fr-FR","potentialAction":[{"@type":"ReadAction","target":["https:\/\/www.misani.it\/fr\/menuiseries-en-acier-inoxydable\/"]}]},{"@type":"BreadcrumbList","@id":"https:\/\/www.misani.it\/fr\/menuiseries-en-acier-inoxydable\/#breadcrumb","itemListElement":[{"@type":"ListItem","position":1,"name":"Home","item":"https:\/\/www.misani.it\/fr\/"},{"@type":"ListItem","position":2,"name":"Menuiseries en acier inoxydable"}]},{"@type":"WebSite","@id":"https:\/\/www.misani.it\/#website","url":"https:\/\/www.misani.it\/","name":"Misani","description":"F.lli Misani - Carpenteria leggera per conto di terzi - Taglio lamiere Laser - Lavorazione Lamiera","potentialAction":[{"@type":"SearchAction","target":{"@type":"EntryPoint","urlTemplate":"https:\/\/www.misani.it\/?s={search_term_string}"},"query-input":{"@type":"PropertyValueSpecification","valueRequired":true,"valueName":"search_term_string"}}],"inLanguage":"fr-FR"}]}},"_links":{"self":[{"href":"https:\/\/www.misani.it\/fr\/wp-json\/wp\/v2\/pages\/4208","targetHints":{"allow":["GET"]}}],"collection":[{"href":"https:\/\/www.misani.it\/fr\/wp-json\/wp\/v2\/pages"}],"about":[{"href":"https:\/\/www.misani.it\/fr\/wp-json\/wp\/v2\/types\/page"}],"author":[{"embeddable":true,"href":"https:\/\/www.misani.it\/fr\/wp-json\/wp\/v2\/users\/1"}],"replies":[{"embeddable":true,"href":"https:\/\/www.misani.it\/fr\/wp-json\/wp\/v2\/comments?post=4208"}],"version-history":[{"count":2,"href":"https:\/\/www.misani.it\/fr\/wp-json\/wp\/v2\/pages\/4208\/revisions"}],"predecessor-version":[{"id":4328,"href":"https:\/\/www.misani.it\/fr\/wp-json\/wp\/v2\/pages\/4208\/revisions\/4328"}],"wp:attachment":[{"href":"https:\/\/www.misani.it\/fr\/wp-json\/wp\/v2\/media?parent=4208"}],"curies":[{"name":"wp","href":"https:\/\/api.w.org\/{rel}","templated":true}]}}