{"id":4223,"date":"2017-01-23T17:05:47","date_gmt":"2017-01-23T16:05:47","guid":{"rendered":"https:\/\/www.misani.it\/taglio-lamiere-laser\/"},"modified":"2023-03-22T16:19:05","modified_gmt":"2023-03-22T15:19:05","slug":"decoupe-toles-laser","status":"publish","type":"page","link":"https:\/\/www.misani.it\/fr\/decoupe-toles-laser\/","title":{"rendered":"D\u00e9coupe t\u00f4les laser"},"content":{"rendered":"<div id='full_slider_1'  class='avia-fullwidth-slider main_color avia-shadow   avia-builder-el-0  el_before_av_section  avia-builder-el-first   container_wrap fullsize'  ><div  class='avia-slideshow av-kylacp-f60b9ff90d3f75c8706eb9458700d034 avia-slideshow-no scaling av_slideshow_full avia-fade-slider av-slideshow-ui av-control-minimal av-slideshow-autoplay av-loop-endless av-loop-manual-endless av-default-height-applied   avia-slideshow-1' data-slideshow-options=\"{&quot;animation&quot;:&quot;fade&quot;,&quot;autoplay&quot;:true,&quot;loop_autoplay&quot;:&quot;endless&quot;,&quot;interval&quot;:5,&quot;loop_manual&quot;:&quot;manual-endless&quot;,&quot;autoplay_stopper&quot;:false,&quot;noNavigation&quot;:false,&quot;bg_slider&quot;:false,&quot;keep_padding&quot;:false,&quot;hoverpause&quot;:false,&quot;show_slide_delay&quot;:0}\"  itemprop=\"image\" itemscope=\"itemscope\" itemtype=\"https:\/\/schema.org\/ImageObject\" ><ul class='avia-slideshow-inner ' style='padding-bottom: 26.041666666667%;'><li  class='avia-slideshow-slide av-kylacp-f60b9ff90d3f75c8706eb9458700d034__0  slide-1 slide-odd'><div data-rel='slideshow-1' class='avia-slide-wrap '  title='Misani - carpenteria taglio laser immagine di accessori di prodotto' ><img decoding=\"async\" fetchpriority=\"high\" class=\"wp-image-4179 avia-img-lazy-loading-not-4179\"  src=\"https:\/\/www.misani.it\/wp-content\/uploads\/2017\/01\/MISANI-CARPENTERIA-TAGLIO-LASER-PRODUZIONE-5.jpg\" width=\"1920\" height=\"500\" title='MISANI-CARPENTERIA-TAGLIO-LASER-PRODUZIONE-5' alt='Misani - carpenteria taglio laser immagine di accessori di prodotto'  itemprop=\"thumbnailUrl\" srcset=\"https:\/\/www.misani.it\/wp-content\/uploads\/2017\/01\/MISANI-CARPENTERIA-TAGLIO-LASER-PRODUZIONE-5.jpg 1920w, https:\/\/www.misani.it\/wp-content\/uploads\/2017\/01\/MISANI-CARPENTERIA-TAGLIO-LASER-PRODUZIONE-5-300x78.jpg 300w, https:\/\/www.misani.it\/wp-content\/uploads\/2017\/01\/MISANI-CARPENTERIA-TAGLIO-LASER-PRODUZIONE-5-768x200.jpg 768w, https:\/\/www.misani.it\/wp-content\/uploads\/2017\/01\/MISANI-CARPENTERIA-TAGLIO-LASER-PRODUZIONE-5-1030x268.jpg 1030w, https:\/\/www.misani.it\/wp-content\/uploads\/2017\/01\/MISANI-CARPENTERIA-TAGLIO-LASER-PRODUZIONE-5-1500x391.jpg 1500w, https:\/\/www.misani.it\/wp-content\/uploads\/2017\/01\/MISANI-CARPENTERIA-TAGLIO-LASER-PRODUZIONE-5-705x184.jpg 705w, https:\/\/www.misani.it\/wp-content\/uploads\/2017\/01\/MISANI-CARPENTERIA-TAGLIO-LASER-PRODUZIONE-5-450x117.jpg 450w\" sizes=\"(max-width: 1920px) 100vw, 1920px\" \/><\/div><\/li><li  class='avia-slideshow-slide av-kylacp-f60b9ff90d3f75c8706eb9458700d034__1  slide-2 slide-even'><div data-rel='slideshow-1' class='avia-slide-wrap '  title='Misani - carpenteria taglio laser immagine di prodotto' ><img decoding=\"async\" fetchpriority=\"high\" class=\"wp-image-4173 avia-img-lazy-loading-not-4173\"  src=\"https:\/\/www.misani.it\/wp-content\/uploads\/2017\/01\/MISANI-CARPENTERIA-TAGLIO-LASER-PRODUZIONE-6.jpg\" width=\"1920\" height=\"500\" title='MISANI-CARPENTERIA-TAGLIO-LASER-PRODUZIONE-6' alt='Misani - carpenteria taglio laser immagine di prodotto'  itemprop=\"thumbnailUrl\" srcset=\"https:\/\/www.misani.it\/wp-content\/uploads\/2017\/01\/MISANI-CARPENTERIA-TAGLIO-LASER-PRODUZIONE-6.jpg 1920w, https:\/\/www.misani.it\/wp-content\/uploads\/2017\/01\/MISANI-CARPENTERIA-TAGLIO-LASER-PRODUZIONE-6-300x78.jpg 300w, https:\/\/www.misani.it\/wp-content\/uploads\/2017\/01\/MISANI-CARPENTERIA-TAGLIO-LASER-PRODUZIONE-6-768x200.jpg 768w, https:\/\/www.misani.it\/wp-content\/uploads\/2017\/01\/MISANI-CARPENTERIA-TAGLIO-LASER-PRODUZIONE-6-1030x268.jpg 1030w, https:\/\/www.misani.it\/wp-content\/uploads\/2017\/01\/MISANI-CARPENTERIA-TAGLIO-LASER-PRODUZIONE-6-1500x391.jpg 1500w, https:\/\/www.misani.it\/wp-content\/uploads\/2017\/01\/MISANI-CARPENTERIA-TAGLIO-LASER-PRODUZIONE-6-705x184.jpg 705w, https:\/\/www.misani.it\/wp-content\/uploads\/2017\/01\/MISANI-CARPENTERIA-TAGLIO-LASER-PRODUZIONE-6-450x117.jpg 450w\" sizes=\"(max-width: 1920px) 100vw, 1920px\" \/><\/div><\/li><li  class='avia-slideshow-slide av-kylacp-f60b9ff90d3f75c8706eb9458700d034__2  slide-3 slide-odd'><div data-rel='slideshow-1' class='avia-slide-wrap '  title='Misani - carpenteria taglio laser immagine di prodotto' ><img decoding=\"async\" fetchpriority=\"high\" class=\"wp-image-4174 avia-img-lazy-loading-not-4174\"  src=\"https:\/\/www.misani.it\/wp-content\/uploads\/2017\/01\/MISANI-CARPENTERIA-TAGLIO-LASER-PRODUZIONE-7.jpg\" width=\"1920\" height=\"500\" title='MISANI-CARPENTERIA-TAGLIO-LASER-PRODUZIONE-7' alt='Misani - carpenteria taglio laser immagine di prodotto'  itemprop=\"thumbnailUrl\" srcset=\"https:\/\/www.misani.it\/wp-content\/uploads\/2017\/01\/MISANI-CARPENTERIA-TAGLIO-LASER-PRODUZIONE-7.jpg 1920w, https:\/\/www.misani.it\/wp-content\/uploads\/2017\/01\/MISANI-CARPENTERIA-TAGLIO-LASER-PRODUZIONE-7-300x78.jpg 300w, https:\/\/www.misani.it\/wp-content\/uploads\/2017\/01\/MISANI-CARPENTERIA-TAGLIO-LASER-PRODUZIONE-7-768x200.jpg 768w, https:\/\/www.misani.it\/wp-content\/uploads\/2017\/01\/MISANI-CARPENTERIA-TAGLIO-LASER-PRODUZIONE-7-1030x268.jpg 1030w, https:\/\/www.misani.it\/wp-content\/uploads\/2017\/01\/MISANI-CARPENTERIA-TAGLIO-LASER-PRODUZIONE-7-1500x391.jpg 1500w, https:\/\/www.misani.it\/wp-content\/uploads\/2017\/01\/MISANI-CARPENTERIA-TAGLIO-LASER-PRODUZIONE-7-705x184.jpg 705w, https:\/\/www.misani.it\/wp-content\/uploads\/2017\/01\/MISANI-CARPENTERIA-TAGLIO-LASER-PRODUZIONE-7-450x117.jpg 450w\" sizes=\"(max-width: 1920px) 100vw, 1920px\" \/><\/div><\/li><li  class='avia-slideshow-slide av-kylacp-f60b9ff90d3f75c8706eb9458700d034__3  slide-4 slide-even'><div data-rel='slideshow-1' class='avia-slide-wrap '  title='Misani - carpenteria taglio laser immagine di prodotto' ><img decoding=\"async\" fetchpriority=\"high\" class=\"wp-image-4175 avia-img-lazy-loading-not-4175\"  src=\"https:\/\/www.misani.it\/wp-content\/uploads\/2017\/01\/MISANI-CARPENTERIA-TAGLIO-LASER-PRODUZIONE-1.jpg\" width=\"1920\" height=\"500\" title='MISANI-CARPENTERIA-TAGLIO-LASER-PRODUZIONE-1' alt='Misani - carpenteria taglio laser immagine di prodotto'  itemprop=\"thumbnailUrl\" srcset=\"https:\/\/www.misani.it\/wp-content\/uploads\/2017\/01\/MISANI-CARPENTERIA-TAGLIO-LASER-PRODUZIONE-1.jpg 1920w, https:\/\/www.misani.it\/wp-content\/uploads\/2017\/01\/MISANI-CARPENTERIA-TAGLIO-LASER-PRODUZIONE-1-300x78.jpg 300w, https:\/\/www.misani.it\/wp-content\/uploads\/2017\/01\/MISANI-CARPENTERIA-TAGLIO-LASER-PRODUZIONE-1-768x200.jpg 768w, https:\/\/www.misani.it\/wp-content\/uploads\/2017\/01\/MISANI-CARPENTERIA-TAGLIO-LASER-PRODUZIONE-1-1030x268.jpg 1030w, https:\/\/www.misani.it\/wp-content\/uploads\/2017\/01\/MISANI-CARPENTERIA-TAGLIO-LASER-PRODUZIONE-1-1500x391.jpg 1500w, https:\/\/www.misani.it\/wp-content\/uploads\/2017\/01\/MISANI-CARPENTERIA-TAGLIO-LASER-PRODUZIONE-1-705x184.jpg 705w, https:\/\/www.misani.it\/wp-content\/uploads\/2017\/01\/MISANI-CARPENTERIA-TAGLIO-LASER-PRODUZIONE-1-450x117.jpg 450w\" sizes=\"(max-width: 1920px) 100vw, 1920px\" \/><\/div><\/li><li  class='avia-slideshow-slide av-kylacp-f60b9ff90d3f75c8706eb9458700d034__4  slide-5 slide-odd'><div data-rel='slideshow-1' class='avia-slide-wrap '  title='Misani - carpenteria taglio laser immagine di prodotto' ><img decoding=\"async\" fetchpriority=\"high\" class=\"wp-image-4176 avia-img-lazy-loading-not-4176\"  src=\"https:\/\/www.misani.it\/wp-content\/uploads\/2017\/01\/MISANI-CARPENTERIA-TAGLIO-LASER-PRODUZIONE-2.jpg\" width=\"1920\" height=\"500\" title='MISANI-CARPENTERIA-TAGLIO-LASER-PRODUZIONE-2' alt='Misani - carpenteria taglio laser immagine di prodotto'  itemprop=\"thumbnailUrl\" srcset=\"https:\/\/www.misani.it\/wp-content\/uploads\/2017\/01\/MISANI-CARPENTERIA-TAGLIO-LASER-PRODUZIONE-2.jpg 1920w, https:\/\/www.misani.it\/wp-content\/uploads\/2017\/01\/MISANI-CARPENTERIA-TAGLIO-LASER-PRODUZIONE-2-300x78.jpg 300w, https:\/\/www.misani.it\/wp-content\/uploads\/2017\/01\/MISANI-CARPENTERIA-TAGLIO-LASER-PRODUZIONE-2-768x200.jpg 768w, https:\/\/www.misani.it\/wp-content\/uploads\/2017\/01\/MISANI-CARPENTERIA-TAGLIO-LASER-PRODUZIONE-2-1030x268.jpg 1030w, https:\/\/www.misani.it\/wp-content\/uploads\/2017\/01\/MISANI-CARPENTERIA-TAGLIO-LASER-PRODUZIONE-2-1500x391.jpg 1500w, https:\/\/www.misani.it\/wp-content\/uploads\/2017\/01\/MISANI-CARPENTERIA-TAGLIO-LASER-PRODUZIONE-2-705x184.jpg 705w, https:\/\/www.misani.it\/wp-content\/uploads\/2017\/01\/MISANI-CARPENTERIA-TAGLIO-LASER-PRODUZIONE-2-450x117.jpg 450w\" sizes=\"(max-width: 1920px) 100vw, 1920px\" \/><\/div><\/li><li  class='avia-slideshow-slide av-kylacp-f60b9ff90d3f75c8706eb9458700d034__5  slide-6 slide-even'><div data-rel='slideshow-1' class='avia-slide-wrap '  title='Misani - carpenteria taglio laser immagine di prodotto' ><img decoding=\"async\" fetchpriority=\"high\" class=\"wp-image-4177 avia-img-lazy-loading-not-4177\"  src=\"https:\/\/www.misani.it\/wp-content\/uploads\/2017\/01\/MISANI-CARPENTERIA-TAGLIO-LASER-PRODUZIONE-3.jpg\" width=\"1920\" height=\"500\" title='MISANI-CARPENTERIA-TAGLIO-LASER-PRODUZIONE-3' alt='Misani - carpenteria taglio laser immagine di prodotto'  itemprop=\"thumbnailUrl\" srcset=\"https:\/\/www.misani.it\/wp-content\/uploads\/2017\/01\/MISANI-CARPENTERIA-TAGLIO-LASER-PRODUZIONE-3.jpg 1920w, https:\/\/www.misani.it\/wp-content\/uploads\/2017\/01\/MISANI-CARPENTERIA-TAGLIO-LASER-PRODUZIONE-3-300x78.jpg 300w, https:\/\/www.misani.it\/wp-content\/uploads\/2017\/01\/MISANI-CARPENTERIA-TAGLIO-LASER-PRODUZIONE-3-768x200.jpg 768w, https:\/\/www.misani.it\/wp-content\/uploads\/2017\/01\/MISANI-CARPENTERIA-TAGLIO-LASER-PRODUZIONE-3-1030x268.jpg 1030w, https:\/\/www.misani.it\/wp-content\/uploads\/2017\/01\/MISANI-CARPENTERIA-TAGLIO-LASER-PRODUZIONE-3-1500x391.jpg 1500w, https:\/\/www.misani.it\/wp-content\/uploads\/2017\/01\/MISANI-CARPENTERIA-TAGLIO-LASER-PRODUZIONE-3-705x184.jpg 705w, https:\/\/www.misani.it\/wp-content\/uploads\/2017\/01\/MISANI-CARPENTERIA-TAGLIO-LASER-PRODUZIONE-3-450x117.jpg 450w\" sizes=\"(max-width: 1920px) 100vw, 1920px\" \/><\/div><\/li><li  class='avia-slideshow-slide av-kylacp-f60b9ff90d3f75c8706eb9458700d034__6  slide-7 slide-odd'><div data-rel='slideshow-1' class='avia-slide-wrap '  title='Misani - carpenteria taglio laser immagine di accessori di prodotto' ><img decoding=\"async\" fetchpriority=\"high\" class=\"wp-image-4178 avia-img-lazy-loading-not-4178\"  src=\"https:\/\/www.misani.it\/wp-content\/uploads\/2017\/01\/MISANI-CARPENTERIA-TAGLIO-LASER-PRODUZIONE-4.jpg\" width=\"1920\" height=\"500\" title='MISANI-CARPENTERIA-TAGLIO-LASER-PRODUZIONE-4' alt='Misani - carpenteria taglio laser immagine di accessori di prodotto'  itemprop=\"thumbnailUrl\" srcset=\"https:\/\/www.misani.it\/wp-content\/uploads\/2017\/01\/MISANI-CARPENTERIA-TAGLIO-LASER-PRODUZIONE-4.jpg 1920w, https:\/\/www.misani.it\/wp-content\/uploads\/2017\/01\/MISANI-CARPENTERIA-TAGLIO-LASER-PRODUZIONE-4-300x78.jpg 300w, https:\/\/www.misani.it\/wp-content\/uploads\/2017\/01\/MISANI-CARPENTERIA-TAGLIO-LASER-PRODUZIONE-4-768x200.jpg 768w, https:\/\/www.misani.it\/wp-content\/uploads\/2017\/01\/MISANI-CARPENTERIA-TAGLIO-LASER-PRODUZIONE-4-1030x268.jpg 1030w, https:\/\/www.misani.it\/wp-content\/uploads\/2017\/01\/MISANI-CARPENTERIA-TAGLIO-LASER-PRODUZIONE-4-1500x391.jpg 1500w, https:\/\/www.misani.it\/wp-content\/uploads\/2017\/01\/MISANI-CARPENTERIA-TAGLIO-LASER-PRODUZIONE-4-705x184.jpg 705w, https:\/\/www.misani.it\/wp-content\/uploads\/2017\/01\/MISANI-CARPENTERIA-TAGLIO-LASER-PRODUZIONE-4-450x117.jpg 450w\" sizes=\"(max-width: 1920px) 100vw, 1920px\" \/><\/div><\/li><\/ul><div class='avia-slideshow-arrows avia-slideshow-controls' ><a href='#prev' class='prev-slide  avia-svg-icon avia-font-svg_entypo-fontello' data-av_svg_icon='left-open-big' data-av_iconset='svg_entypo-fontello' tabindex='-1' title=\"Pr\u00e9c\u00e9dent\"><svg version=\"1.1\" xmlns=\"http:\/\/www.w3.org\/2000\/svg\" width=\"15\" height=\"32\" viewBox=\"0 0 15 32\" preserveAspectRatio=\"xMidYMid meet\" aria-labelledby='av-svg-title-1' aria-describedby='av-svg-desc-1' role=\"graphics-symbol\" aria-hidden=\"true\">\n<title id='av-svg-title-1'>Pr\u00e9c\u00e9dent<\/title>\n<desc id='av-svg-desc-1'>Pr\u00e9c\u00e9dent<\/desc>\n<path d=\"M14.464 27.84q0.832 0.832 0 1.536-0.832 0.832-1.536 0l-12.544-12.608q-0.768-0.768 0-1.6l12.544-12.608q0.704-0.832 1.536 0 0.832 0.704 0 1.536l-11.456 11.904z\"><\/path>\n<\/svg><span class='avia_hidden_link_text'>Pr\u00e9c\u00e9dent<\/span><\/a><a href='#next' class='next-slide  avia-svg-icon avia-font-svg_entypo-fontello' data-av_svg_icon='right-open-big' data-av_iconset='svg_entypo-fontello' tabindex='-1' title=\"Suivant\"><svg version=\"1.1\" xmlns=\"http:\/\/www.w3.org\/2000\/svg\" width=\"15\" height=\"32\" viewBox=\"0 0 15 32\" preserveAspectRatio=\"xMidYMid meet\" aria-labelledby='av-svg-title-2' aria-describedby='av-svg-desc-2' role=\"graphics-symbol\" aria-hidden=\"true\">\n<title id='av-svg-title-2'>Suivant<\/title>\n<desc id='av-svg-desc-2'>Suivant<\/desc>\n<path d=\"M0.416 27.84l11.456-11.84-11.456-11.904q-0.832-0.832 0-1.536 0.832-0.832 1.536 0l12.544 12.608q0.768 0.832 0 1.6l-12.544 12.608q-0.704 0.832-1.536 0-0.832-0.704 0-1.536z\"><\/path>\n<\/svg><span class='avia_hidden_link_text'>Suivant<\/span><\/a><\/div><div class='avia-slideshow-dots avia-slideshow-controls'><a href='#1' class='goto-slide active' >1<\/a><a href='#2' class='goto-slide ' >2<\/a><a href='#3' class='goto-slide ' >3<\/a><a href='#4' class='goto-slide ' >4<\/a><a href='#5' class='goto-slide ' >5<\/a><a href='#6' class='goto-slide ' >6<\/a><a href='#7' class='goto-slide ' >7<\/a><\/div><\/div><\/div>\n\n<style type=\"text\/css\" data-created_by=\"avia_inline_auto\" id=\"style-css-av-78d5dl-d8b85e55845f6def11566e808654992c\">\n.avia-section.av-78d5dl-d8b85e55845f6def11566e808654992c{\nbackground-color:#000000;\nbackground-image:unset;\n}\n<\/style>\n<div id='av_section_1'  class='avia-section av-78d5dl-d8b85e55845f6def11566e808654992c main_color avia-section-no-padding avia-no-border-styling  avia-builder-el-1  el_after_av_slideshow_full  el_before_av_one_full  avia-bg-style-scroll container_wrap fullsize'  ><div class='container av-section-cont-open' ><div class='template-page content  av-content-full alpha units'><div class='post-entry post-entry-type-page post-entry-4223'><div class='entry-content-wrapper clearfix'>\n\n<style type=\"text\/css\" data-created_by=\"avia_inline_auto\" id=\"style-css-av-5av07t-0fdc1d2b0bd5343063fe79c7a35e38bb\">\n#top .av_textblock_section.av-5av07t-0fdc1d2b0bd5343063fe79c7a35e38bb .avia_textblock{\nfont-size:24px;\n}\n<\/style>\n<section  class='av_textblock_section av-5av07t-0fdc1d2b0bd5343063fe79c7a35e38bb '   itemscope=\"itemscope\" itemtype=\"https:\/\/schema.org\/CreativeWork\" ><div class='avia_textblock av_inherit_color'  itemprop=\"text\" ><p style=\"text-align: center; letter-spacing: 22px;\"><span style=\"color: #ffffff;\">QUAND LA MATI\u00c8RE <\/span><span style=\"color: #ffe200;\">PREND FORME<\/span><\/p>\n<\/div><\/section>\n<\/div><\/div><\/div><!-- close content main div --><\/div><\/div><div id='after_section_1'  class='main_color av_default_container_wrap container_wrap fullsize'  ><div class='container av-section-cont-open' ><div class='template-page content  av-content-full alpha units'><div class='post-entry post-entry-type-page post-entry-4223'><div class='entry-content-wrapper clearfix'>\n\n<style type=\"text\/css\" data-created_by=\"avia_inline_auto\" id=\"style-css-av-3zsouh-228965edd2a044b395ea680ca08cfd92\">\n#top .flex_column.av-3zsouh-228965edd2a044b395ea680ca08cfd92{\nmargin-top:0px;\nmargin-bottom:0px;\n}\n.flex_column.av-3zsouh-228965edd2a044b395ea680ca08cfd92{\nborder-radius:0px 0px 0px 0px;\npadding:0px 0px 0px 0px;\n}\n.responsive #top #wrap_all .flex_column.av-3zsouh-228965edd2a044b395ea680ca08cfd92{\nmargin-top:0px;\nmargin-bottom:0px;\n}\n<\/style>\n<div  class='flex_column av-3zsouh-228965edd2a044b395ea680ca08cfd92 av_one_full  avia-builder-el-3  el_after_av_section  avia-builder-el-no-sibling  first flex_column_div av-zero-column-padding  '     ><section  class='av_textblock_section av-25dsbd-127db817fec4ea963264879be0e1749d '   itemscope=\"itemscope\" itemtype=\"https:\/\/schema.org\/CreativeWork\" ><div class='avia_textblock'  itemprop=\"text\" ><h1>D\u00c9COUPE T\u00d4LES LASER<\/h1>\n<p>F.lli Misani est une entreprise sp\u00e9cialis\u00e9e dans la menuiserie m\u00e9tallique qui poss\u00e8de plus de 50\u00a0ans d&rsquo;exp\u00e9rience, en utilisant la technique de d\u00e9coupe laser de t\u00f4les de fer et d&rsquo;autres m\u00e9taux tels que l&rsquo;aluminium, l&rsquo;acier, etc.<br \/>\nLe terme laser vient de l&rsquo;anglais \u00ab\u00a0Light Amplification by the Stimulated Emission of Radiation\u00a0\u00bb, c&rsquo;est-\u00e0-dire l&rsquo;amplification de lumi\u00e8re par \u00e9mission stimul\u00e9e de radiations.<br \/>\nGr\u00e2ce \u00e0 la technologie de la d\u00e9coupe laser, il est possible d&rsquo;effectuer la d\u00e9coupe des t\u00f4les de diff\u00e9rents m\u00e9taux, comme par exemple, l&rsquo;aluminium ou l&rsquo;acier, aussi bien d&rsquo;\u00e9paisseurs minces que d&rsquo;\u00e9paisseurs tr\u00e8s importantes.<\/p>\n<p>L&rsquo;utilisation de cette technique de d\u00e9coupe est nette et pr\u00e9cise\u00a0; pour cette raison, cette m\u00e9thode est \u00e9galement utilis\u00e9e dans des domaines o\u00f9 la plus grande exactitude et pr\u00e9cision de coupe est requise, tant en termes de dimensions que d&rsquo;absence de bavures, pour garantir le bon fonctionnement des machines industrielles et un assemblage impeccable.<\/p>\n<p><a href=\"\/fr\/contacts\/\">Contactez-nous<\/a> d\u00e8s maintenant\u00a0pour un devis GRATUIT et PERSONNALIS\u00c9.<\/p>\n<h2 style=\"font-weight: 400; font-size: 12px;\">D\u00e9coupe t\u00f4les laser menuiserie m\u00e9tallique entreprise sp\u00e9cialis\u00e9e d\u00e9coupe laser t\u00f4les<\/h2>\n<\/div><\/section><\/div>\n","protected":false},"excerpt":{"rendered":"","protected":false},"author":1,"featured_media":0,"parent":0,"menu_order":0,"comment_status":"closed","ping_status":"closed","template":"","meta":{"footnotes":""},"class_list":["post-4223","page","type-page","status-publish","hentry"],"yoast_head":"<!-- This site is optimized with the Yoast SEO plugin v26.0 - https:\/\/yoast.com\/wordpress\/plugins\/seo\/ -->\n<title>Taglio lamiere laser Carpenteria metallica<\/title>\n<meta name=\"description\" content=\"Taglio lamiere laser Carpenteria metallica. Contattaci per un preventivo GRATUITO PERSONALIZZATO. Tel 039 6840828 | info@misani.it\" \/>\n<meta name=\"robots\" content=\"index, follow, max-snippet:-1, max-image-preview:large, max-video-preview:-1\" \/>\n<link rel=\"canonical\" href=\"https:\/\/www.misani.it\/fr\/decoupe-toles-laser\/\" \/>\n<meta property=\"og:locale\" content=\"fr_FR\" \/>\n<meta property=\"og:type\" content=\"article\" \/>\n<meta property=\"og:title\" content=\"Taglio lamiere laser Carpenteria metallica\" \/>\n<meta property=\"og:description\" content=\"Taglio lamiere laser Carpenteria metallica. Contattaci per un preventivo GRATUITO PERSONALIZZATO. Tel 039 6840828 | info@misani.it\" \/>\n<meta property=\"og:url\" content=\"https:\/\/www.misani.it\/fr\/decoupe-toles-laser\/\" \/>\n<meta property=\"og:site_name\" content=\"Misani\" \/>\n<meta property=\"article:modified_time\" content=\"2023-03-22T15:19:05+00:00\" \/>\n<meta name=\"twitter:card\" content=\"summary_large_image\" \/>\n<meta name=\"twitter:label1\" content=\"Dur\u00e9e de lecture estim\u00e9e\" \/>\n\t<meta name=\"twitter:data1\" content=\"3 minutes\" \/>\n<script type=\"application\/ld+json\" class=\"yoast-schema-graph\">{\"@context\":\"https:\/\/schema.org\",\"@graph\":[{\"@type\":\"WebPage\",\"@id\":\"https:\/\/www.misani.it\/fr\/decoupe-toles-laser\/\",\"url\":\"https:\/\/www.misani.it\/fr\/decoupe-toles-laser\/\",\"name\":\"Taglio lamiere laser Carpenteria metallica\",\"isPartOf\":{\"@id\":\"https:\/\/www.misani.it\/#website\"},\"datePublished\":\"2017-01-23T16:05:47+00:00\",\"dateModified\":\"2023-03-22T15:19:05+00:00\",\"description\":\"Taglio lamiere laser Carpenteria metallica. Contattaci per un preventivo GRATUITO PERSONALIZZATO. Tel 039 6840828 | info@misani.it\",\"breadcrumb\":{\"@id\":\"https:\/\/www.misani.it\/fr\/decoupe-toles-laser\/#breadcrumb\"},\"inLanguage\":\"fr-FR\",\"potentialAction\":[{\"@type\":\"ReadAction\",\"target\":[\"https:\/\/www.misani.it\/fr\/decoupe-toles-laser\/\"]}]},{\"@type\":\"BreadcrumbList\",\"@id\":\"https:\/\/www.misani.it\/fr\/decoupe-toles-laser\/#breadcrumb\",\"itemListElement\":[{\"@type\":\"ListItem\",\"position\":1,\"name\":\"Home\",\"item\":\"https:\/\/www.misani.it\/fr\/\"},{\"@type\":\"ListItem\",\"position\":2,\"name\":\"D\u00e9coupe t\u00f4les laser\"}]},{\"@type\":\"WebSite\",\"@id\":\"https:\/\/www.misani.it\/#website\",\"url\":\"https:\/\/www.misani.it\/\",\"name\":\"Misani\",\"description\":\"F.lli Misani - Carpenteria leggera per conto di terzi - Taglio lamiere Laser - Lavorazione Lamiera\",\"potentialAction\":[{\"@type\":\"SearchAction\",\"target\":{\"@type\":\"EntryPoint\",\"urlTemplate\":\"https:\/\/www.misani.it\/?s={search_term_string}\"},\"query-input\":{\"@type\":\"PropertyValueSpecification\",\"valueRequired\":true,\"valueName\":\"search_term_string\"}}],\"inLanguage\":\"fr-FR\"}]}<\/script>\n<!-- \/ Yoast SEO plugin. -->","yoast_head_json":{"title":"Taglio lamiere laser Carpenteria metallica","description":"Taglio lamiere laser Carpenteria metallica. Contattaci per un preventivo GRATUITO PERSONALIZZATO. Tel 039 6840828 | info@misani.it","robots":{"index":"index","follow":"follow","max-snippet":"max-snippet:-1","max-image-preview":"max-image-preview:large","max-video-preview":"max-video-preview:-1"},"canonical":"https:\/\/www.misani.it\/fr\/decoupe-toles-laser\/","og_locale":"fr_FR","og_type":"article","og_title":"Taglio lamiere laser Carpenteria metallica","og_description":"Taglio lamiere laser Carpenteria metallica. Contattaci per un preventivo GRATUITO PERSONALIZZATO. Tel 039 6840828 | info@misani.it","og_url":"https:\/\/www.misani.it\/fr\/decoupe-toles-laser\/","og_site_name":"Misani","article_modified_time":"2023-03-22T15:19:05+00:00","twitter_card":"summary_large_image","twitter_misc":{"Dur\u00e9e de lecture estim\u00e9e":"3 minutes"},"schema":{"@context":"https:\/\/schema.org","@graph":[{"@type":"WebPage","@id":"https:\/\/www.misani.it\/fr\/decoupe-toles-laser\/","url":"https:\/\/www.misani.it\/fr\/decoupe-toles-laser\/","name":"Taglio lamiere laser Carpenteria metallica","isPartOf":{"@id":"https:\/\/www.misani.it\/#website"},"datePublished":"2017-01-23T16:05:47+00:00","dateModified":"2023-03-22T15:19:05+00:00","description":"Taglio lamiere laser Carpenteria metallica. Contattaci per un preventivo GRATUITO PERSONALIZZATO. Tel 039 6840828 | info@misani.it","breadcrumb":{"@id":"https:\/\/www.misani.it\/fr\/decoupe-toles-laser\/#breadcrumb"},"inLanguage":"fr-FR","potentialAction":[{"@type":"ReadAction","target":["https:\/\/www.misani.it\/fr\/decoupe-toles-laser\/"]}]},{"@type":"BreadcrumbList","@id":"https:\/\/www.misani.it\/fr\/decoupe-toles-laser\/#breadcrumb","itemListElement":[{"@type":"ListItem","position":1,"name":"Home","item":"https:\/\/www.misani.it\/fr\/"},{"@type":"ListItem","position":2,"name":"D\u00e9coupe t\u00f4les laser"}]},{"@type":"WebSite","@id":"https:\/\/www.misani.it\/#website","url":"https:\/\/www.misani.it\/","name":"Misani","description":"F.lli Misani - Carpenteria leggera per conto di terzi - Taglio lamiere Laser - Lavorazione Lamiera","potentialAction":[{"@type":"SearchAction","target":{"@type":"EntryPoint","urlTemplate":"https:\/\/www.misani.it\/?s={search_term_string}"},"query-input":{"@type":"PropertyValueSpecification","valueRequired":true,"valueName":"search_term_string"}}],"inLanguage":"fr-FR"}]}},"_links":{"self":[{"href":"https:\/\/www.misani.it\/fr\/wp-json\/wp\/v2\/pages\/4223","targetHints":{"allow":["GET"]}}],"collection":[{"href":"https:\/\/www.misani.it\/fr\/wp-json\/wp\/v2\/pages"}],"about":[{"href":"https:\/\/www.misani.it\/fr\/wp-json\/wp\/v2\/types\/page"}],"author":[{"embeddable":true,"href":"https:\/\/www.misani.it\/fr\/wp-json\/wp\/v2\/users\/1"}],"replies":[{"embeddable":true,"href":"https:\/\/www.misani.it\/fr\/wp-json\/wp\/v2\/comments?post=4223"}],"version-history":[{"count":3,"href":"https:\/\/www.misani.it\/fr\/wp-json\/wp\/v2\/pages\/4223\/revisions"}],"predecessor-version":[{"id":4342,"href":"https:\/\/www.misani.it\/fr\/wp-json\/wp\/v2\/pages\/4223\/revisions\/4342"}],"wp:attachment":[{"href":"https:\/\/www.misani.it\/fr\/wp-json\/wp\/v2\/media?parent=4223"}],"curies":[{"name":"wp","href":"https:\/\/api.w.org\/{rel}","templated":true}]}}