{"id":4229,"date":"2017-01-05T11:58:53","date_gmt":"2017-01-05T10:58:53","guid":{"rendered":"https:\/\/www.misani.it\/chi-siamo\/"},"modified":"2023-03-22T10:33:14","modified_gmt":"2023-03-22T09:33:14","slug":"a-propos-de-nous","status":"publish","type":"page","link":"https:\/\/www.misani.it\/fr\/a-propos-de-nous\/","title":{"rendered":"\u00c0 PROPOS DE NOUS"},"content":{"rendered":"<div id='av-layout-grid-1'  class='av-layout-grid-container av-gaxejz-6ecb16c2a34998ac7f5c0c0fe33c25f3 entry-content-wrapper main_color av-flex-cells  avia-builder-el-0  el_before_av_section  avia-builder-el-first   container_wrap fullsize'  >\n\n<style type=\"text\/css\" data-created_by=\"avia_inline_auto\" id=\"style-css-av-esnyhb-bccb9dcbc9cebd449ff7c5bd52323f65\">\n.flex_cell.av-esnyhb-bccb9dcbc9cebd449ff7c5bd52323f65{\nvertical-align:middle;\n}\n.responsive #top #wrap_all .flex_cell.av-esnyhb-bccb9dcbc9cebd449ff7c5bd52323f65{\npadding:0px 0px 0px 0px !important;\n}\n<\/style>\n<div class='flex_cell av-esnyhb-bccb9dcbc9cebd449ff7c5bd52323f65 av-gridrow-cell av_one_half no_margin  avia-builder-el-1  el_before_av_cell_one_half  avia-builder-el-first  content-align-middle av-zero-padding'  ><div class='flex_cell_inner'><section  class='av_textblock_section av-l2ui1mev-0a6c2e2db70c7ffcd27118e1ecb9fc17 '   itemscope=\"itemscope\" itemtype=\"https:\/\/schema.org\/CreativeWork\" ><div class='avia_textblock'  itemprop=\"text\" ><div class='avia-iframe-wrap'><iframe loading=\"lazy\" title=\"MISANI - Carpenteria e taglio laser\" width=\"1500\" height=\"844\" src=\"https:\/\/www.youtube.com\/embed\/WeKmQKEFviA?feature=oembed\" frameborder=\"0\" allow=\"accelerometer; autoplay; clipboard-write; encrypted-media; gyroscope; picture-in-picture; web-share\" allowfullscreen><\/iframe><\/div>\n<\/div><\/section>\n<\/div><\/div>\n<style type=\"text\/css\" data-created_by=\"avia_inline_auto\" id=\"style-css-av-vsme7-a881e021e62a9a767722a8f5fbdb82b1\">\n.flex_cell.av-vsme7-a881e021e62a9a767722a8f5fbdb82b1{\nvertical-align:top;\nbackground:url(https:\/\/www.misani.it\/wp-content\/uploads\/2017\/01\/Azienda-ok.jpg) 50% 50% no-repeat scroll ;\n}\n.responsive #top #wrap_all .flex_cell.av-vsme7-a881e021e62a9a767722a8f5fbdb82b1{\npadding:0px 0px 0px 0px !important;\n}\n<\/style>\n<div class='flex_cell av-vsme7-a881e021e62a9a767722a8f5fbdb82b1 av-gridrow-cell av_one_half no_margin  avia-builder-el-3  el_after_av_cell_one_half  avia-builder-el-last  content-align-top av-zero-padding'  ><div class='flex_cell_inner'><\/div><\/div>\n<\/div>\n\n<style type=\"text\/css\" data-created_by=\"avia_inline_auto\" id=\"style-css-av-7832lb-7810676157506fbb8f8c6855b62187b4\">\n.avia-section.av-7832lb-7810676157506fbb8f8c6855b62187b4{\nbackground-color:#000000;\nbackground-image:unset;\n}\n<\/style>\n<div id='av_section_1'  class='avia-section av-7832lb-7810676157506fbb8f8c6855b62187b4 main_color avia-section-no-padding avia-no-border-styling  avia-builder-el-4  el_after_av_layout_row  el_before_av_one_full  avia-bg-style-scroll container_wrap fullsize'  ><div class='container av-section-cont-open' ><div class='template-page content  av-content-full alpha units'><div class='post-entry post-entry-type-page post-entry-4229'><div class='entry-content-wrapper clearfix'>\n\n<style type=\"text\/css\" data-created_by=\"avia_inline_auto\" id=\"style-css-av-62mnqn-89d3a410ab3c795ecaea139bb41e00e7\">\n#top .av_textblock_section.av-62mnqn-89d3a410ab3c795ecaea139bb41e00e7 .avia_textblock{\nfont-size:24px;\n}\n<\/style>\n<section  class='av_textblock_section av-62mnqn-89d3a410ab3c795ecaea139bb41e00e7 '   itemscope=\"itemscope\" itemtype=\"https:\/\/schema.org\/CreativeWork\" ><div class='avia_textblock av_inherit_color'  itemprop=\"text\" ><p style=\"text-align: center; letter-spacing: 22px;\"><span style=\"color: #ffffff;\">QUAND LA MATI\u00c8RE <\/span><span style=\"color: #ffe200;\">PREND FORME<\/span><\/p>\n<\/div><\/section>\n<\/div><\/div><\/div><!-- close content main div --><\/div><\/div><div id='after_section_1'  class='main_color av_default_container_wrap container_wrap fullsize'  ><div class='container av-section-cont-open' ><div class='template-page content  av-content-full alpha units'><div class='post-entry post-entry-type-page post-entry-4229'><div class='entry-content-wrapper clearfix'><div class='flex_column_table av-4wab73-62179e4cbb20cf3c1a7fbae95ba92e69 sc-av_one_full av-equal-height-column-flextable'>\n<style type=\"text\/css\" data-created_by=\"avia_inline_auto\" id=\"style-css-av-4wab73-62179e4cbb20cf3c1a7fbae95ba92e69\">\n#top .flex_column_table.av-equal-height-column-flextable.av-4wab73-62179e4cbb20cf3c1a7fbae95ba92e69{\nmargin-top:0px;\nmargin-bottom:0px;\n}\n.flex_column.av-4wab73-62179e4cbb20cf3c1a7fbae95ba92e69{\nborder-radius:0px 0px 0px 0px;\npadding:0px 0px 0px 0px;\n}\n<\/style>\n<div  class='flex_column av-4wab73-62179e4cbb20cf3c1a7fbae95ba92e69 av_one_full  avia-builder-el-6  el_after_av_section  avia-builder-el-no-sibling  first flex_column_table_cell av-equal-height-column av-align-top av-zero-column-padding  '     ><section  class='av_textblock_section av-6t9un-32f658bc9a95f25dedda75a494be8084 '   itemscope=\"itemscope\" itemtype=\"https:\/\/schema.org\/CreativeWork\" ><div class='avia_textblock'  itemprop=\"text\" ><h1><strong>Vocation internationale et c\u0153ur made in italy<\/strong><\/h1>\n<p>Notre soci\u00e9t\u00e9, bas\u00e9e pr\u00e8s de Milan, op\u00e8re \u00e0 l&rsquo;\u00e9chelle europ\u00e9enne et en particulier sur les march\u00e9s de l&rsquo;Allemagne, de la Suisse et de la France. La forte vocation \u00e0 l&rsquo;internationalisation est soutenue par l\u2019action de forces commerciales d\u00e9di\u00e9es aux pays de langue allemande et fran\u00e7aise et par la participation \u00e0 d&rsquo;importants salons dans le secteur des usinages industriels de pr\u00e9cision de la t\u00f4le.<\/p>\n<h2><strong>Technologie d&rsquo;avant-guarde et sensibilit\u00e9 artisanale<\/strong><\/h2>\n<p>Gr\u00e2ce \u00e0 un parc de machines moderne et \u00e0 un syst\u00e8me de processus internes automatis\u00e9s, notre soci\u00e9t\u00e9 offre une assistance et une collaboration professionnelles pour les productions de haute s\u00e9rie et pour les moyennes et petites quantit\u00e9s, avec une vocation particuli\u00e8re pour les projets avec des caract\u00e9ristiques techniques\/productives personnalis\u00e9es.<\/p>\n<p>Tous nos articles sont le r\u00e9sultat de crit\u00e8res de production rigoureux et de contr\u00f4les de qualit\u00e9 stricts, ainsi que d&rsquo;une attention aux d\u00e9tails, tant d&rsquo;un point de vue structurel qu&rsquo;esth\u00e9tique.<\/p>\n<\/div><\/section><\/div><\/div><!--close column table wrapper. Autoclose: 1 --><\/p>\n","protected":false},"excerpt":{"rendered":"","protected":false},"author":1,"featured_media":0,"parent":0,"menu_order":0,"comment_status":"closed","ping_status":"closed","template":"","meta":{"footnotes":""},"class_list":["post-4229","page","type-page","status-publish","hentry"],"yoast_head":"<!-- This site is optimized with the Yoast SEO plugin v26.0 - https:\/\/yoast.com\/wordpress\/plugins\/seo\/ -->\n<title>Misani Carpenteria, Taglio Laser e lavorazioni industriali | Chi Siamo<\/title>\n<meta name=\"description\" content=\"La Carpenteria Misani \u00e8 punto di riferimento nelle lavorazioni industriali: carpenteria metallica di precisione e le lavorazioni della lamiera\" \/>\n<meta name=\"robots\" content=\"index, follow, max-snippet:-1, max-image-preview:large, max-video-preview:-1\" \/>\n<link rel=\"canonical\" href=\"https:\/\/www.misani.it\/fr\/a-propos-de-nous\/\" \/>\n<meta property=\"og:locale\" content=\"fr_FR\" \/>\n<meta property=\"og:type\" content=\"article\" \/>\n<meta property=\"og:title\" content=\"Misani Carpenteria, Taglio Laser e lavorazioni industriali | Chi Siamo\" \/>\n<meta property=\"og:description\" content=\"La Carpenteria Misani \u00e8 punto di riferimento nelle lavorazioni industriali: carpenteria metallica di precisione e le lavorazioni della lamiera\" \/>\n<meta property=\"og:url\" content=\"https:\/\/www.misani.it\/fr\/a-propos-de-nous\/\" \/>\n<meta property=\"og:site_name\" content=\"Misani\" \/>\n<meta property=\"article:modified_time\" content=\"2023-03-22T09:33:14+00:00\" \/>\n<meta name=\"twitter:card\" content=\"summary_large_image\" \/>\n<meta name=\"twitter:label1\" content=\"Dur\u00e9e de lecture estim\u00e9e\" \/>\n\t<meta name=\"twitter:data1\" content=\"2 minutes\" \/>\n<script type=\"application\/ld+json\" class=\"yoast-schema-graph\">{\"@context\":\"https:\/\/schema.org\",\"@graph\":[{\"@type\":\"WebPage\",\"@id\":\"https:\/\/www.misani.it\/fr\/a-propos-de-nous\/\",\"url\":\"https:\/\/www.misani.it\/fr\/a-propos-de-nous\/\",\"name\":\"Misani Carpenteria, Taglio Laser e lavorazioni industriali | Chi Siamo\",\"isPartOf\":{\"@id\":\"https:\/\/www.misani.it\/#website\"},\"datePublished\":\"2017-01-05T10:58:53+00:00\",\"dateModified\":\"2023-03-22T09:33:14+00:00\",\"description\":\"La Carpenteria Misani \u00e8 punto di riferimento nelle lavorazioni industriali: carpenteria metallica di precisione e le lavorazioni della lamiera\",\"breadcrumb\":{\"@id\":\"https:\/\/www.misani.it\/fr\/a-propos-de-nous\/#breadcrumb\"},\"inLanguage\":\"fr-FR\",\"potentialAction\":[{\"@type\":\"ReadAction\",\"target\":[\"https:\/\/www.misani.it\/fr\/a-propos-de-nous\/\"]}]},{\"@type\":\"BreadcrumbList\",\"@id\":\"https:\/\/www.misani.it\/fr\/a-propos-de-nous\/#breadcrumb\",\"itemListElement\":[{\"@type\":\"ListItem\",\"position\":1,\"name\":\"Home\",\"item\":\"https:\/\/www.misani.it\/fr\/\"},{\"@type\":\"ListItem\",\"position\":2,\"name\":\"\u00c0 PROPOS DE NOUS\"}]},{\"@type\":\"WebSite\",\"@id\":\"https:\/\/www.misani.it\/#website\",\"url\":\"https:\/\/www.misani.it\/\",\"name\":\"Misani\",\"description\":\"F.lli Misani - Carpenteria leggera per conto di terzi - Taglio lamiere Laser - Lavorazione Lamiera\",\"potentialAction\":[{\"@type\":\"SearchAction\",\"target\":{\"@type\":\"EntryPoint\",\"urlTemplate\":\"https:\/\/www.misani.it\/?s={search_term_string}\"},\"query-input\":{\"@type\":\"PropertyValueSpecification\",\"valueRequired\":true,\"valueName\":\"search_term_string\"}}],\"inLanguage\":\"fr-FR\"}]}<\/script>\n<!-- \/ Yoast SEO plugin. -->","yoast_head_json":{"title":"Misani Carpenteria, Taglio Laser e lavorazioni industriali | Chi Siamo","description":"La Carpenteria Misani \u00e8 punto di riferimento nelle lavorazioni industriali: carpenteria metallica di precisione e le lavorazioni della lamiera","robots":{"index":"index","follow":"follow","max-snippet":"max-snippet:-1","max-image-preview":"max-image-preview:large","max-video-preview":"max-video-preview:-1"},"canonical":"https:\/\/www.misani.it\/fr\/a-propos-de-nous\/","og_locale":"fr_FR","og_type":"article","og_title":"Misani Carpenteria, Taglio Laser e lavorazioni industriali | Chi Siamo","og_description":"La Carpenteria Misani \u00e8 punto di riferimento nelle lavorazioni industriali: carpenteria metallica di precisione e le lavorazioni della lamiera","og_url":"https:\/\/www.misani.it\/fr\/a-propos-de-nous\/","og_site_name":"Misani","article_modified_time":"2023-03-22T09:33:14+00:00","twitter_card":"summary_large_image","twitter_misc":{"Dur\u00e9e de lecture estim\u00e9e":"2 minutes"},"schema":{"@context":"https:\/\/schema.org","@graph":[{"@type":"WebPage","@id":"https:\/\/www.misani.it\/fr\/a-propos-de-nous\/","url":"https:\/\/www.misani.it\/fr\/a-propos-de-nous\/","name":"Misani Carpenteria, Taglio Laser e lavorazioni industriali | Chi Siamo","isPartOf":{"@id":"https:\/\/www.misani.it\/#website"},"datePublished":"2017-01-05T10:58:53+00:00","dateModified":"2023-03-22T09:33:14+00:00","description":"La Carpenteria Misani \u00e8 punto di riferimento nelle lavorazioni industriali: carpenteria metallica di precisione e le lavorazioni della lamiera","breadcrumb":{"@id":"https:\/\/www.misani.it\/fr\/a-propos-de-nous\/#breadcrumb"},"inLanguage":"fr-FR","potentialAction":[{"@type":"ReadAction","target":["https:\/\/www.misani.it\/fr\/a-propos-de-nous\/"]}]},{"@type":"BreadcrumbList","@id":"https:\/\/www.misani.it\/fr\/a-propos-de-nous\/#breadcrumb","itemListElement":[{"@type":"ListItem","position":1,"name":"Home","item":"https:\/\/www.misani.it\/fr\/"},{"@type":"ListItem","position":2,"name":"\u00c0 PROPOS DE NOUS"}]},{"@type":"WebSite","@id":"https:\/\/www.misani.it\/#website","url":"https:\/\/www.misani.it\/","name":"Misani","description":"F.lli Misani - Carpenteria leggera per conto di terzi - Taglio lamiere Laser - Lavorazione Lamiera","potentialAction":[{"@type":"SearchAction","target":{"@type":"EntryPoint","urlTemplate":"https:\/\/www.misani.it\/?s={search_term_string}"},"query-input":{"@type":"PropertyValueSpecification","valueRequired":true,"valueName":"search_term_string"}}],"inLanguage":"fr-FR"}]}},"_links":{"self":[{"href":"https:\/\/www.misani.it\/fr\/wp-json\/wp\/v2\/pages\/4229","targetHints":{"allow":["GET"]}}],"collection":[{"href":"https:\/\/www.misani.it\/fr\/wp-json\/wp\/v2\/pages"}],"about":[{"href":"https:\/\/www.misani.it\/fr\/wp-json\/wp\/v2\/types\/page"}],"author":[{"embeddable":true,"href":"https:\/\/www.misani.it\/fr\/wp-json\/wp\/v2\/users\/1"}],"replies":[{"embeddable":true,"href":"https:\/\/www.misani.it\/fr\/wp-json\/wp\/v2\/comments?post=4229"}],"version-history":[{"count":3,"href":"https:\/\/www.misani.it\/fr\/wp-json\/wp\/v2\/pages\/4229\/revisions"}],"predecessor-version":[{"id":4234,"href":"https:\/\/www.misani.it\/fr\/wp-json\/wp\/v2\/pages\/4229\/revisions\/4234"}],"wp:attachment":[{"href":"https:\/\/www.misani.it\/fr\/wp-json\/wp\/v2\/media?parent=4229"}],"curies":[{"name":"wp","href":"https:\/\/api.w.org\/{rel}","templated":true}]}}