{"id":4411,"date":"2025-06-03T17:49:29","date_gmt":"2025-06-03T15:49:29","guid":{"rendered":"https:\/\/www.misani.it\/dichiarazione-di-accessibilita\/"},"modified":"2025-06-05T17:57:00","modified_gmt":"2025-06-05T15:57:00","slug":"declaration-daccessibilite","status":"publish","type":"page","link":"https:\/\/www.misani.it\/fr\/declaration-daccessibilite\/","title":{"rendered":"D\u00e9claration d&rsquo;accessibilit\u00e9"},"content":{"rendered":"<h1>D\u00e9claration d&rsquo;accessibilit\u00e9<\/h1>\n<p><strong>F.lli Misani Snc<\/strong> s&rsquo;engage \u00e0 rendre son site web (<a href=\"https:\/\/www.misani.it\/fr\/\">https:\/\/www.misani.it<\/a>) accessible, conform\u00e9ment \u00e0 la loi italienne n\u00b0 4\/2004, au d\u00e9cret l\u00e9gislatif n\u00b0 106\/2018, \u00e0 la norme technique UNI CEI EN 301549 et aux WCAG 2.1 niveau AA, telles qu\u2019adopt\u00e9es par les lignes directrices de l\u2019AGID.<\/p>\n<h2>\u00c9tat de conformit\u00e9<\/h2>\n<p><strong>Partiellement conforme<\/strong> \u2013 Le site est partiellement conforme en raison des non-conformit\u00e9s suivantes.<\/p>\n<h2>Contenus non accessibles<\/h2>\n<ul>\n<li><strong>Exigence 9.1.1.1 :<\/strong> Certaines images informatives n\u2019ont pas d\u2019attribut alt.<\/li>\n<li><strong>Exigence 9.1.3.1 :<\/strong> Certains champs de formulaire ne sont pas correctement \u00e9tiquet\u00e9s avec &lt;label&gt;.<\/li>\n<li><strong>Exigence 9.2.4.7 :<\/strong> Certains \u00e9l\u00e9ments interactifs n\u2019ont pas de focus clavier visible.<\/li>\n<li><strong>Exigence 9.2.4.4 :<\/strong> Certains liens ne comportent pas de texte suffisamment descriptif.<\/li>\n<li><strong>Exigence 9.3.1.1 :<\/strong> La langue principale n\u2019est pas toujours d\u00e9finie dans le code source de la page.<\/li>\n<\/ul>\n<h2>Mesures correctives pr\u00e9vues<\/h2>\n<ul>\n<li>Ajout de textes alternatifs aux images.<\/li>\n<li>\u00c9tiquetage correct des champs de formulaire.<\/li>\n<li>Am\u00e9lioration du focus clavier visible.<\/li>\n<li>R\u00e9vision des textes des liens.<\/li>\n<li>Mise \u00e0 jour des m\u00e9tadonn\u00e9es linguistiques.<\/li>\n<\/ul>\n<h2>M\u00e9thode d&rsquo;\u00e9valuation<\/h2>\n<p>Outils automatiques (WAVE, Lighthouse) et supervision technique interne.<\/p>\n<h2>R\u00e9daction et mises \u00e0 jour<\/h2>\n<p><strong>R\u00e9dig\u00e9 le :<\/strong> 28 mai 2025<br \/>\n<strong>Derni\u00e8re mise \u00e0 jour :<\/strong> 28 mai 2025<\/p>\n<h2>Contact<\/h2>\n<p><strong>Email :<\/strong> <a href=\"mailto:info@misani.it\">info@misani.it<\/a><br \/>\n<strong>Formulaire de contact :<\/strong> <a href=\"https:\/\/www.misani.it\/fr\/contacts\/\">https:\/\/www.misani.it\/contatti<\/a><\/p>\n<h2>Proc\u00e9dure de recours<\/h2>\n<ul>\n<li>PEC \u00e0 l&rsquo;AGID : <a href=\"mailto:protocollo@pec.agid.gov.it\">protocollo@pec.agid.gov.it<\/a><\/li>\n<li>D\u00e9fenseur des droits num\u00e9riques : <a href=\"https:\/\/www.agid.gov.it\/it\/agenzia\/difensore-civico-per-il-digitale\">https:\/\/www.agid.gov.it\/it\/agenzia\/difensore-civico-per-il-digitale<\/a><\/li>\n<\/ul>\n<p>&nbsp;<\/p>\n","protected":false},"excerpt":{"rendered":"<p>D\u00e9claration d&rsquo;accessibilit\u00e9 F.lli Misani Snc s&rsquo;engage \u00e0 rendre son site web (https:\/\/www.misani.it) accessible, conform\u00e9ment \u00e0 la loi italienne n\u00b0 4\/2004, au d\u00e9cret l\u00e9gislatif n\u00b0 106\/2018, \u00e0 la norme technique UNI CEI EN 301549 et aux WCAG 2.1 niveau AA, telles qu\u2019adopt\u00e9es par les lignes directrices de l\u2019AGID. \u00c9tat de conformit\u00e9 Partiellement conforme \u2013 Le site [&hellip;]<\/p>\n","protected":false},"author":1,"featured_media":0,"parent":0,"menu_order":0,"comment_status":"closed","ping_status":"closed","template":"","meta":{"footnotes":""},"class_list":["post-4411","page","type-page","status-publish","hentry"],"yoast_head":"<!-- This site is optimized with the Yoast SEO plugin v26.0 - https:\/\/yoast.com\/wordpress\/plugins\/seo\/ -->\n<title>D\u00e9claration d&#039;accessibilit\u00e9 - Misani<\/title>\n<meta name=\"robots\" content=\"index, follow, max-snippet:-1, max-image-preview:large, max-video-preview:-1\" \/>\n<link rel=\"canonical\" href=\"https:\/\/www.misani.it\/fr\/declaration-daccessibilite\/\" \/>\n<meta property=\"og:locale\" content=\"fr_FR\" \/>\n<meta property=\"og:type\" content=\"article\" \/>\n<meta property=\"og:title\" content=\"D\u00e9claration d&#039;accessibilit\u00e9 - Misani\" \/>\n<meta property=\"og:description\" content=\"D\u00e9claration d&rsquo;accessibilit\u00e9 F.lli Misani Snc s&rsquo;engage \u00e0 rendre son site web (https:\/\/www.misani.it) accessible, conform\u00e9ment \u00e0 la loi italienne n\u00b0 4\/2004, au d\u00e9cret l\u00e9gislatif n\u00b0 106\/2018, \u00e0 la norme technique UNI CEI EN 301549 et aux WCAG 2.1 niveau AA, telles qu\u2019adopt\u00e9es par les lignes directrices de l\u2019AGID. \u00c9tat de conformit\u00e9 Partiellement conforme \u2013 Le site [&hellip;]\" \/>\n<meta property=\"og:url\" content=\"https:\/\/www.misani.it\/fr\/declaration-daccessibilite\/\" \/>\n<meta property=\"og:site_name\" content=\"Misani\" \/>\n<meta property=\"article:modified_time\" content=\"2025-06-05T15:57:00+00:00\" \/>\n<meta name=\"twitter:card\" content=\"summary_large_image\" \/>\n<meta name=\"twitter:label1\" content=\"Dur\u00e9e de lecture estim\u00e9e\" \/>\n\t<meta name=\"twitter:data1\" content=\"2 minutes\" \/>\n<script type=\"application\/ld+json\" class=\"yoast-schema-graph\">{\"@context\":\"https:\/\/schema.org\",\"@graph\":[{\"@type\":\"WebPage\",\"@id\":\"https:\/\/www.misani.it\/fr\/declaration-daccessibilite\/\",\"url\":\"https:\/\/www.misani.it\/fr\/declaration-daccessibilite\/\",\"name\":\"D\u00e9claration d'accessibilit\u00e9 - Misani\",\"isPartOf\":{\"@id\":\"https:\/\/www.misani.it\/#website\"},\"datePublished\":\"2025-06-03T15:49:29+00:00\",\"dateModified\":\"2025-06-05T15:57:00+00:00\",\"breadcrumb\":{\"@id\":\"https:\/\/www.misani.it\/fr\/declaration-daccessibilite\/#breadcrumb\"},\"inLanguage\":\"fr-FR\",\"potentialAction\":[{\"@type\":\"ReadAction\",\"target\":[\"https:\/\/www.misani.it\/fr\/declaration-daccessibilite\/\"]}]},{\"@type\":\"BreadcrumbList\",\"@id\":\"https:\/\/www.misani.it\/fr\/declaration-daccessibilite\/#breadcrumb\",\"itemListElement\":[{\"@type\":\"ListItem\",\"position\":1,\"name\":\"Home\",\"item\":\"https:\/\/www.misani.it\/fr\/\"},{\"@type\":\"ListItem\",\"position\":2,\"name\":\"D\u00e9claration d&#8217;accessibilit\u00e9\"}]},{\"@type\":\"WebSite\",\"@id\":\"https:\/\/www.misani.it\/#website\",\"url\":\"https:\/\/www.misani.it\/\",\"name\":\"Misani\",\"description\":\"F.lli Misani - Carpenteria leggera per conto di terzi - Taglio lamiere Laser - Lavorazione Lamiera\",\"potentialAction\":[{\"@type\":\"SearchAction\",\"target\":{\"@type\":\"EntryPoint\",\"urlTemplate\":\"https:\/\/www.misani.it\/?s={search_term_string}\"},\"query-input\":{\"@type\":\"PropertyValueSpecification\",\"valueRequired\":true,\"valueName\":\"search_term_string\"}}],\"inLanguage\":\"fr-FR\"}]}<\/script>\n<!-- \/ Yoast SEO plugin. -->","yoast_head_json":{"title":"D\u00e9claration d'accessibilit\u00e9 - Misani","robots":{"index":"index","follow":"follow","max-snippet":"max-snippet:-1","max-image-preview":"max-image-preview:large","max-video-preview":"max-video-preview:-1"},"canonical":"https:\/\/www.misani.it\/fr\/declaration-daccessibilite\/","og_locale":"fr_FR","og_type":"article","og_title":"D\u00e9claration d'accessibilit\u00e9 - Misani","og_description":"D\u00e9claration d&rsquo;accessibilit\u00e9 F.lli Misani Snc s&rsquo;engage \u00e0 rendre son site web (https:\/\/www.misani.it) accessible, conform\u00e9ment \u00e0 la loi italienne n\u00b0 4\/2004, au d\u00e9cret l\u00e9gislatif n\u00b0 106\/2018, \u00e0 la norme technique UNI CEI EN 301549 et aux WCAG 2.1 niveau AA, telles qu\u2019adopt\u00e9es par les lignes directrices de l\u2019AGID. \u00c9tat de conformit\u00e9 Partiellement conforme \u2013 Le site [&hellip;]","og_url":"https:\/\/www.misani.it\/fr\/declaration-daccessibilite\/","og_site_name":"Misani","article_modified_time":"2025-06-05T15:57:00+00:00","twitter_card":"summary_large_image","twitter_misc":{"Dur\u00e9e de lecture estim\u00e9e":"2 minutes"},"schema":{"@context":"https:\/\/schema.org","@graph":[{"@type":"WebPage","@id":"https:\/\/www.misani.it\/fr\/declaration-daccessibilite\/","url":"https:\/\/www.misani.it\/fr\/declaration-daccessibilite\/","name":"D\u00e9claration d'accessibilit\u00e9 - Misani","isPartOf":{"@id":"https:\/\/www.misani.it\/#website"},"datePublished":"2025-06-03T15:49:29+00:00","dateModified":"2025-06-05T15:57:00+00:00","breadcrumb":{"@id":"https:\/\/www.misani.it\/fr\/declaration-daccessibilite\/#breadcrumb"},"inLanguage":"fr-FR","potentialAction":[{"@type":"ReadAction","target":["https:\/\/www.misani.it\/fr\/declaration-daccessibilite\/"]}]},{"@type":"BreadcrumbList","@id":"https:\/\/www.misani.it\/fr\/declaration-daccessibilite\/#breadcrumb","itemListElement":[{"@type":"ListItem","position":1,"name":"Home","item":"https:\/\/www.misani.it\/fr\/"},{"@type":"ListItem","position":2,"name":"D\u00e9claration d&#8217;accessibilit\u00e9"}]},{"@type":"WebSite","@id":"https:\/\/www.misani.it\/#website","url":"https:\/\/www.misani.it\/","name":"Misani","description":"F.lli Misani - Carpenteria leggera per conto di terzi - Taglio lamiere Laser - Lavorazione Lamiera","potentialAction":[{"@type":"SearchAction","target":{"@type":"EntryPoint","urlTemplate":"https:\/\/www.misani.it\/?s={search_term_string}"},"query-input":{"@type":"PropertyValueSpecification","valueRequired":true,"valueName":"search_term_string"}}],"inLanguage":"fr-FR"}]}},"_links":{"self":[{"href":"https:\/\/www.misani.it\/fr\/wp-json\/wp\/v2\/pages\/4411","targetHints":{"allow":["GET"]}}],"collection":[{"href":"https:\/\/www.misani.it\/fr\/wp-json\/wp\/v2\/pages"}],"about":[{"href":"https:\/\/www.misani.it\/fr\/wp-json\/wp\/v2\/types\/page"}],"author":[{"embeddable":true,"href":"https:\/\/www.misani.it\/fr\/wp-json\/wp\/v2\/users\/1"}],"replies":[{"embeddable":true,"href":"https:\/\/www.misani.it\/fr\/wp-json\/wp\/v2\/comments?post=4411"}],"version-history":[{"count":6,"href":"https:\/\/www.misani.it\/fr\/wp-json\/wp\/v2\/pages\/4411\/revisions"}],"predecessor-version":[{"id":4426,"href":"https:\/\/www.misani.it\/fr\/wp-json\/wp\/v2\/pages\/4411\/revisions\/4426"}],"wp:attachment":[{"href":"https:\/\/www.misani.it\/fr\/wp-json\/wp\/v2\/media?parent=4411"}],"curies":[{"name":"wp","href":"https:\/\/api.w.org\/{rel}","templated":true}]}}